{"id":100,"date":"2018-09-04T11:05:45","date_gmt":"2018-09-04T09:05:45","guid":{"rendered":"http:\/\/e-v-o.org\/?page_id=100"},"modified":"2018-09-04T14:46:54","modified_gmt":"2018-09-04T12:46:54","slug":"mentions-legales","status":"publish","type":"page","link":"https:\/\/e-v-o.org\/index.php\/mentions-legales\/","title":{"rendered":"Mentions l\u00e9gales"},"content":{"rendered":"<p>Ce site pr\u00e9sente les activit\u00e9s de l&rsquo;association EVO : \u00c9quilibre Vertical Orl\u00e9ans<br \/>\nIl est repr\u00e9sent\u00e9 par : Monsieur Christophe Brazey, Directeur de la publication<\/p>\n<p>Cr\u00e9ation du site : WordPress personnalis\u00e9 par AD Multim\u00e9dia &#8211; Orl\u00e9ans &#8211; SIREN 519 941 298<br \/>\n<a href=\"http:\/\/www.antoine-deshayes.com\" rel=\"noopener\" target=\"_blank\">www.antoine-deshayes.com<\/a><\/p>\n<p>Il est h\u00e9berg\u00e9 par OVH<br \/>\nSAS au capital de 10 069 020 \u20ac<br \/>\nRCS Lille M\u00e9tropole 424 761 419 00045<br \/>\nCode APE 2620Z<br \/>\nN\u00b0 TVA : FR 22 424 761 419<br \/>\nSi\u00e8ge social : 2 rue Kellermann &#8211; 59100 Roubaix &#8211; France <\/p>\n","protected":false},"excerpt":{"rendered":"<p>Ce site pr\u00e9sente les activit\u00e9s de l&rsquo;association EVO : \u00c9quilibre Vertical Orl\u00e9ans Il est repr\u00e9sent\u00e9 par : Monsieur Christophe Brazey, Directeur de la publication Cr\u00e9ation &hellip; <\/p>\n","protected":false},"author":1,"featured_media":0,"parent":0,"menu_order":0,"comment_status":"closed","ping_status":"closed","template":"","meta":{"ngg_post_thumbnail":0,"jetpack_post_was_ever_published":false,"footnotes":""},"class_list":["post-100","page","type-page","status-publish","hentry"],"yoast_head":"<!-- This site is optimized with the Yoast SEO plugin v27.4 - https:\/\/yoast.com\/product\/yoast-seo-wordpress\/ -->\n<title>Mentions l\u00e9gales - EVO - Club d&#039;Escalade<\/title>\n<meta name=\"robots\" content=\"index, follow, max-snippet:-1, max-image-preview:large, max-video-preview:-1\" \/>\n<link rel=\"canonical\" href=\"https:\/\/e-v-o.org\/index.php\/mentions-legales\/\" \/>\n<meta property=\"og:locale\" content=\"fr_FR\" \/>\n<meta property=\"og:type\" content=\"article\" \/>\n<meta property=\"og:title\" content=\"Mentions l\u00e9gales - EVO - Club d&#039;Escalade\" \/>\n<meta property=\"og:description\" content=\"Ce site pr\u00e9sente les activit\u00e9s de l&rsquo;association EVO : \u00c9quilibre Vertical Orl\u00e9ans Il est repr\u00e9sent\u00e9 par : Monsieur Christophe Brazey, Directeur de la publication Cr\u00e9ation &hellip;\" \/>\n<meta property=\"og:url\" content=\"https:\/\/e-v-o.org\/index.php\/mentions-legales\/\" \/>\n<meta property=\"og:site_name\" content=\"EVO - Club d&#039;Escalade\" \/>\n<meta property=\"article:publisher\" content=\"https:\/\/www.facebook.com\/EquilibreVerticalOrleans\/\" \/>\n<meta property=\"article:modified_time\" content=\"2018-09-04T12:46:54+00:00\" \/>\n<meta name=\"twitter:card\" content=\"summary_large_image\" \/>\n<script type=\"application\/ld+json\" class=\"yoast-schema-graph\">{\"@context\":\"https:\\\/\\\/schema.org\",\"@graph\":[{\"@type\":\"WebPage\",\"@id\":\"https:\\\/\\\/e-v-o.org\\\/index.php\\\/mentions-legales\\\/\",\"url\":\"https:\\\/\\\/e-v-o.org\\\/index.php\\\/mentions-legales\\\/\",\"name\":\"Mentions l\u00e9gales - EVO - Club d&#039;Escalade\",\"isPartOf\":{\"@id\":\"https:\\\/\\\/e-v-o.org\\\/#website\"},\"datePublished\":\"2018-09-04T09:05:45+00:00\",\"dateModified\":\"2018-09-04T12:46:54+00:00\",\"breadcrumb\":{\"@id\":\"https:\\\/\\\/e-v-o.org\\\/index.php\\\/mentions-legales\\\/#breadcrumb\"},\"inLanguage\":\"fr-FR\",\"potentialAction\":[{\"@type\":\"ReadAction\",\"target\":[\"https:\\\/\\\/e-v-o.org\\\/index.php\\\/mentions-legales\\\/\"]}]},{\"@type\":\"BreadcrumbList\",\"@id\":\"https:\\\/\\\/e-v-o.org\\\/index.php\\\/mentions-legales\\\/#breadcrumb\",\"itemListElement\":[{\"@type\":\"ListItem\",\"position\":1,\"name\":\"Accueil\",\"item\":\"https:\\\/\\\/e-v-o.org\\\/\"},{\"@type\":\"ListItem\",\"position\":2,\"name\":\"Mentions l\u00e9gales\"}]},{\"@type\":\"WebSite\",\"@id\":\"https:\\\/\\\/e-v-o.org\\\/#website\",\"url\":\"https:\\\/\\\/e-v-o.org\\\/\",\"name\":\"EVO - Club d'escalade Orl\u00e9ans\",\"description\":\"\u201cFaire les choses s\u00e9rieusement sans se prendre au s\u00e9rieux\u201d\",\"publisher\":{\"@id\":\"https:\\\/\\\/e-v-o.org\\\/#organization\"},\"potentialAction\":[{\"@type\":\"SearchAction\",\"target\":{\"@type\":\"EntryPoint\",\"urlTemplate\":\"https:\\\/\\\/e-v-o.org\\\/?s={search_term_string}\"},\"query-input\":{\"@type\":\"PropertyValueSpecification\",\"valueRequired\":true,\"valueName\":\"search_term_string\"}}],\"inLanguage\":\"fr-FR\"},{\"@type\":\"Organization\",\"@id\":\"https:\\\/\\\/e-v-o.org\\\/#organization\",\"name\":\"Equilibre Vertical Orl\u00e9ans\",\"url\":\"https:\\\/\\\/e-v-o.org\\\/\",\"logo\":{\"@type\":\"ImageObject\",\"inLanguage\":\"fr-FR\",\"@id\":\"https:\\\/\\\/e-v-o.org\\\/#\\\/schema\\\/logo\\\/image\\\/\",\"url\":\"https:\\\/\\\/i0.wp.com\\\/e-v-o.org\\\/wp-content\\\/uploads\\\/2019\\\/09\\\/Logo-EVO-2019-Officiel-2.png?fit=2277%2C1326&ssl=1\",\"contentUrl\":\"https:\\\/\\\/i0.wp.com\\\/e-v-o.org\\\/wp-content\\\/uploads\\\/2019\\\/09\\\/Logo-EVO-2019-Officiel-2.png?fit=2277%2C1326&ssl=1\",\"width\":2277,\"height\":1326,\"caption\":\"Equilibre Vertical Orl\u00e9ans\"},\"image\":{\"@id\":\"https:\\\/\\\/e-v-o.org\\\/#\\\/schema\\\/logo\\\/image\\\/\"},\"sameAs\":[\"https:\\\/\\\/www.facebook.com\\\/EquilibreVerticalOrleans\\\/\",\"https:\\\/\\\/www.instagram.com\\\/equilibreverticalorleans\\\/?hl=fr\"]}]}<\/script>\n<!-- \/ Yoast SEO plugin. -->","yoast_head_json":{"title":"Mentions l\u00e9gales - EVO - Club d&#039;Escalade","robots":{"index":"index","follow":"follow","max-snippet":"max-snippet:-1","max-image-preview":"max-image-preview:large","max-video-preview":"max-video-preview:-1"},"canonical":"https:\/\/e-v-o.org\/index.php\/mentions-legales\/","og_locale":"fr_FR","og_type":"article","og_title":"Mentions l\u00e9gales - EVO - Club d&#039;Escalade","og_description":"Ce site pr\u00e9sente les activit\u00e9s de l&rsquo;association EVO : \u00c9quilibre Vertical Orl\u00e9ans Il est repr\u00e9sent\u00e9 par : Monsieur Christophe Brazey, Directeur de la publication Cr\u00e9ation &hellip;","og_url":"https:\/\/e-v-o.org\/index.php\/mentions-legales\/","og_site_name":"EVO - Club d&#039;Escalade","article_publisher":"https:\/\/www.facebook.com\/EquilibreVerticalOrleans\/","article_modified_time":"2018-09-04T12:46:54+00:00","twitter_card":"summary_large_image","schema":{"@context":"https:\/\/schema.org","@graph":[{"@type":"WebPage","@id":"https:\/\/e-v-o.org\/index.php\/mentions-legales\/","url":"https:\/\/e-v-o.org\/index.php\/mentions-legales\/","name":"Mentions l\u00e9gales - EVO - Club d&#039;Escalade","isPartOf":{"@id":"https:\/\/e-v-o.org\/#website"},"datePublished":"2018-09-04T09:05:45+00:00","dateModified":"2018-09-04T12:46:54+00:00","breadcrumb":{"@id":"https:\/\/e-v-o.org\/index.php\/mentions-legales\/#breadcrumb"},"inLanguage":"fr-FR","potentialAction":[{"@type":"ReadAction","target":["https:\/\/e-v-o.org\/index.php\/mentions-legales\/"]}]},{"@type":"BreadcrumbList","@id":"https:\/\/e-v-o.org\/index.php\/mentions-legales\/#breadcrumb","itemListElement":[{"@type":"ListItem","position":1,"name":"Accueil","item":"https:\/\/e-v-o.org\/"},{"@type":"ListItem","position":2,"name":"Mentions l\u00e9gales"}]},{"@type":"WebSite","@id":"https:\/\/e-v-o.org\/#website","url":"https:\/\/e-v-o.org\/","name":"EVO - Club d'escalade Orl\u00e9ans","description":"\u201cFaire les choses s\u00e9rieusement sans se prendre au s\u00e9rieux\u201d","publisher":{"@id":"https:\/\/e-v-o.org\/#organization"},"potentialAction":[{"@type":"SearchAction","target":{"@type":"EntryPoint","urlTemplate":"https:\/\/e-v-o.org\/?s={search_term_string}"},"query-input":{"@type":"PropertyValueSpecification","valueRequired":true,"valueName":"search_term_string"}}],"inLanguage":"fr-FR"},{"@type":"Organization","@id":"https:\/\/e-v-o.org\/#organization","name":"Equilibre Vertical Orl\u00e9ans","url":"https:\/\/e-v-o.org\/","logo":{"@type":"ImageObject","inLanguage":"fr-FR","@id":"https:\/\/e-v-o.org\/#\/schema\/logo\/image\/","url":"https:\/\/i0.wp.com\/e-v-o.org\/wp-content\/uploads\/2019\/09\/Logo-EVO-2019-Officiel-2.png?fit=2277%2C1326&ssl=1","contentUrl":"https:\/\/i0.wp.com\/e-v-o.org\/wp-content\/uploads\/2019\/09\/Logo-EVO-2019-Officiel-2.png?fit=2277%2C1326&ssl=1","width":2277,"height":1326,"caption":"Equilibre Vertical Orl\u00e9ans"},"image":{"@id":"https:\/\/e-v-o.org\/#\/schema\/logo\/image\/"},"sameAs":["https:\/\/www.facebook.com\/EquilibreVerticalOrleans\/","https:\/\/www.instagram.com\/equilibreverticalorleans\/?hl=fr"]}]}},"jetpack_sharing_enabled":true,"jetpack-related-posts":[{"id":1043,"url":"https:\/\/e-v-o.org\/index.php\/lieux-horaires-tarifs\/","url_meta":{"origin":100,"position":0},"title":"Horaires et Lieux","author":"EVO","date":"30\/08\/2021","format":false,"excerpt":"Rdv le vendredi 19 septembre 2025 pour les nouveaux adh\u00e9rents autonomes Horaires Cliquez sur votre cat\u00e9gorie pour ouvrir les horaires Cr\u00e9neaux Adulte : Autonomes\/Comp\u00e9tition\/YogaCr\u00e9neaux JeunesCr\u00e9neaux Familles\/Microbes\u00a0 Lieux Gymnase Saint Marc 2 Place du Champs Saint Marc 45000 Orl\u00e9ans Gymnase Georges Chardon 1 rue des Roses45100 Orl\u00e9ans Gymnase Gaston Cout\u00e9 10\u2026","rel":"","context":"Article similaire","block_context":{"text":"Article similaire","link":""},"img":{"alt_text":"","src":"https:\/\/i0.wp.com\/e-v-o.org\/wp-content\/uploads\/2021\/08\/40247071_430055954065267_5932427099473182720_n-1024x576.jpg?resize=350%2C200&ssl=1","width":350,"height":200,"srcset":"https:\/\/i0.wp.com\/e-v-o.org\/wp-content\/uploads\/2021\/08\/40247071_430055954065267_5932427099473182720_n-1024x576.jpg?resize=350%2C200&ssl=1 1x, https:\/\/i0.wp.com\/e-v-o.org\/wp-content\/uploads\/2021\/08\/40247071_430055954065267_5932427099473182720_n-1024x576.jpg?resize=525%2C300&ssl=1 1.5x, https:\/\/i0.wp.com\/e-v-o.org\/wp-content\/uploads\/2021\/08\/40247071_430055954065267_5932427099473182720_n-1024x576.jpg?resize=700%2C400&ssl=1 2x"},"classes":[]},{"id":1833,"url":"https:\/\/e-v-o.org\/index.php\/la-voie-de-la-presse\/","url_meta":{"origin":100,"position":1},"title":"La voie de la Presse\u200b","author":"EVO","date":"06\/01\/2023","format":false,"excerpt":"Championnat r\u00e9gional de difficult\u00e9 - Orl\u00e9ans - 6 mai 2023 L'article en ligne Contest Ta Loire 8 janvier 2023 L'article en ligne Escal'Recrute avec P\u00f4le emploi Saint Jean de Braye 21 octobre 2022 L'article en ligne","rel":"","context":"Article similaire","block_context":{"text":"Article similaire","link":""},"img":{"alt_text":"","src":"https:\/\/i0.wp.com\/e-v-o.org\/wp-content\/uploads\/2023\/05\/Capture.jpg?resize=350%2C200","width":350,"height":200,"srcset":"https:\/\/i0.wp.com\/e-v-o.org\/wp-content\/uploads\/2023\/05\/Capture.jpg?resize=350%2C200 1x, https:\/\/i0.wp.com\/e-v-o.org\/wp-content\/uploads\/2023\/05\/Capture.jpg?resize=525%2C300 1.5x, https:\/\/i0.wp.com\/e-v-o.org\/wp-content\/uploads\/2023\/05\/Capture.jpg?resize=700%2C400 2x"},"classes":[]},{"id":3973,"url":"https:\/\/e-v-o.org\/index.php\/contactez-nous\/","url_meta":{"origin":100,"position":2},"title":"Contactez-nous !","author":"EVO","date":"21\/05\/2025","format":false,"excerpt":"Pour les inscriptions de la saison 2025\/2026, envoyez-nous un mail \u00e0 partir du 1er juillet 2025 sur equilibreverticalorleans@gmail.com . Toutes les demandes seront trait\u00e9es \u00e0 partir de la mi-juillet.Attention: toutes les demandes faites avant le 1er juillet ne seront pas prises en compte. \u00c9quilibre Vertical Orl\u00e9ans (E.V.O)T\u00e9l : 06.88.15.52.11(Maxime Bunel)T\u00e9l\u2026","rel":"","context":"Article similaire","block_context":{"text":"Article similaire","link":""},"img":{"alt_text":"","src":"https:\/\/i0.wp.com\/e-v-o.org\/wp-content\/uploads\/2020\/10\/IMG_6617-200x300.jpg?resize=350%2C200&ssl=1","width":350,"height":200},"classes":[]},{"id":3027,"url":"https:\/\/e-v-o.org\/index.php\/les-championnats-regionaux\/","url_meta":{"origin":100,"position":3},"title":"Les championnats r\u00e9gionaux","author":"EVO","date":"06\/05\/2024","format":false,"excerpt":"Les r\u00e9gionaux de diff U16 U18 U20 s\u00e9niors et v\u00e9t\u00e9rans Cette ann\u00e9e, les r\u00e9gionaux de difficult\u00e9 ont eu lieu \u00e0 Argenton sur Creuse. Une jolie petite ville, dans laquelle plus de 230 grimpeurs se sont r\u00e9unis. Une vingtaine de comp\u00e9titeurs arrivait d'Orl\u00e9ans, accompagn\u00e9s, des coachs et des juges.Cette comp\u00e9tition permettant\u2026","rel":"","context":"Article similaire","block_context":{"text":"Article similaire","link":""},"img":{"alt_text":"","src":"https:\/\/i0.wp.com\/e-v-o.org\/wp-content\/uploads\/2024\/05\/1714806979476.jpg?resize=350%2C200&ssl=1","width":350,"height":200,"srcset":"https:\/\/i0.wp.com\/e-v-o.org\/wp-content\/uploads\/2024\/05\/1714806979476.jpg?resize=350%2C200&ssl=1 1x, https:\/\/i0.wp.com\/e-v-o.org\/wp-content\/uploads\/2024\/05\/1714806979476.jpg?resize=525%2C300&ssl=1 1.5x, https:\/\/i0.wp.com\/e-v-o.org\/wp-content\/uploads\/2024\/05\/1714806979476.jpg?resize=700%2C400&ssl=1 2x, https:\/\/i0.wp.com\/e-v-o.org\/wp-content\/uploads\/2024\/05\/1714806979476.jpg?resize=1050%2C600&ssl=1 3x"},"classes":[]},{"id":1089,"url":"https:\/\/e-v-o.org\/","url_meta":{"origin":100,"position":4},"title":"Accueil","author":"EVO","date":"31\/08\/2021","format":false,"excerpt":"Equilibre Vertical Orl\u00e9ans c'est... Plus de 180 grimpeurs \u00e9voluant dans une ambiance conviviale !Une vingtaine d'encadrants dipl\u00f4m\u00e9s pour proposer des s\u00e9ances d'entrainements, organiser des sorties en falaises, vous accompagner en comp\u00e9titions, et animer l'ann\u00e9e avec diff\u00e9rents \u00e9v\u00e8nements11 cr\u00e9neaux diff\u00e9rents sur la semaine, adapt\u00e9s \u00e0 tous les niveaux et tous les\u2026","rel":"","context":"Article similaire","block_context":{"text":"Article similaire","link":""},"img":{"alt_text":"WhatsApp Image 2023-09-10 \u00e0 19.14.59","src":"https:\/\/i0.wp.com\/e-v-o.org\/wp-content\/uploads\/2023\/09\/WhatsApp-Image-2023-09-10-a-19.14.59-200x300.jpg?resize=350%2C200&ssl=1","width":350,"height":200},"classes":[]},{"id":1334,"url":"https:\/\/e-v-o.org\/index.php\/evo-en-falaises\/","url_meta":{"origin":100,"position":5},"title":"EVO en falaises","author":"EVO","date":"14\/10\/2022","format":false,"excerpt":"Sortie en Bourgogne pour les grimpeurs d'EVO Cette ann\u00e9e, ce sont une vingtaine d'adultes, d\u00e9butants et confirm\u00e9s, qui ont pu profiter des falaises bourgignone le temps d'un weekend. Les jeunes en falaises en Bourgogne Pendant 4 jours, 15 jeunes accomapgn\u00e9s par des encadrants b\u00e9n\u00e9voles, sont all\u00e9s tater du cailloux \u00e0\u2026","rel":"","context":"Article similaire","block_context":{"text":"Article similaire","link":""},"img":{"alt_text":"","src":"https:\/\/i0.wp.com\/e-v-o.org\/wp-content\/uploads\/2022\/10\/IMG_5452.jpg?resize=350%2C200&ssl=1","width":350,"height":200,"srcset":"https:\/\/i0.wp.com\/e-v-o.org\/wp-content\/uploads\/2022\/10\/IMG_5452.jpg?resize=350%2C200&ssl=1 1x, https:\/\/i0.wp.com\/e-v-o.org\/wp-content\/uploads\/2022\/10\/IMG_5452.jpg?resize=525%2C300&ssl=1 1.5x, https:\/\/i0.wp.com\/e-v-o.org\/wp-content\/uploads\/2022\/10\/IMG_5452.jpg?resize=700%2C400&ssl=1 2x"},"classes":[]}],"_links":{"self":[{"href":"https:\/\/e-v-o.org\/index.php\/wp-json\/wp\/v2\/pages\/100","targetHints":{"allow":["GET"]}}],"collection":[{"href":"https:\/\/e-v-o.org\/index.php\/wp-json\/wp\/v2\/pages"}],"about":[{"href":"https:\/\/e-v-o.org\/index.php\/wp-json\/wp\/v2\/types\/page"}],"author":[{"embeddable":true,"href":"https:\/\/e-v-o.org\/index.php\/wp-json\/wp\/v2\/users\/1"}],"replies":[{"embeddable":true,"href":"https:\/\/e-v-o.org\/index.php\/wp-json\/wp\/v2\/comments?post=100"}],"version-history":[{"count":2,"href":"https:\/\/e-v-o.org\/index.php\/wp-json\/wp\/v2\/pages\/100\/revisions"}],"predecessor-version":[{"id":175,"href":"https:\/\/e-v-o.org\/index.php\/wp-json\/wp\/v2\/pages\/100\/revisions\/175"}],"wp:attachment":[{"href":"https:\/\/e-v-o.org\/index.php\/wp-json\/wp\/v2\/media?parent=100"}],"curies":[{"name":"wp","href":"https:\/\/api.w.org\/{rel}","templated":true}]}}