{"id":1281,"date":"2022-09-01T15:29:07","date_gmt":"2022-09-01T13:29:07","guid":{"rendered":"https:\/\/e-v-o.org\/?page_id=1281"},"modified":"2022-11-08T10:12:06","modified_gmt":"2022-11-08T09:12:06","slug":"organigramme","status":"publish","type":"page","link":"https:\/\/e-v-o.org\/index.php\/organigramme\/","title":{"rendered":"Le club"},"content":{"rendered":"\t\t<div data-elementor-type=\"wp-page\" data-elementor-id=\"1281\" class=\"elementor elementor-1281\">\n\t\t\t\t\t\t<section class=\"elementor-section elementor-top-section elementor-element elementor-element-a9e493f elementor-section-boxed elementor-section-height-default elementor-section-height-default\" data-id=\"a9e493f\" data-element_type=\"section\" data-e-type=\"section\">\n\t\t\t\t\t\t<div class=\"elementor-container elementor-column-gap-default\">\n\t\t\t\t\t<div class=\"elementor-column elementor-col-100 elementor-top-column elementor-element elementor-element-ede6d73\" data-id=\"ede6d73\" data-element_type=\"column\" data-e-type=\"column\">\n\t\t\t<div class=\"elementor-widget-wrap elementor-element-populated\">\n\t\t\t\t\t\t<div class=\"elementor-element elementor-element-7f723ad elementor-widget elementor-widget-text-editor\" data-id=\"7f723ad\" data-element_type=\"widget\" data-e-type=\"widget\" data-widget_type=\"text-editor.default\">\n\t\t\t\t<div class=\"elementor-widget-container\">\n\t\t\t\t\t\t\t\t\t<p>Cr\u00e9\u00e9 en 2018 par Chris, Loulou et Tam, EVO est devenu un incontournable sur le plan r\u00e9gional.\u00a0<\/p><p>EVO c&rsquo;est : 200 licenci\u00e9s, 3 salles pour pratiquer en difficult\u00e9 et en bloc, 19 encadrants, des sorties en falaises, des participations en comp\u00e9titions du niveau d\u00e9partemental au national, des cr\u00e9neaux adapt\u00e9s \u00e0 tout \u00e2ge, et toutes conditions physiques, des \u00e9v\u00e8nements toute l&rsquo;ann\u00e9e.<\/p>\t\t\t\t\t\t\t\t<\/div>\n\t\t\t\t<\/div>\n\t\t\t\t\t<\/div>\n\t\t<\/div>\n\t\t\t\t\t<\/div>\n\t\t<\/section>\n\t\t\t\t<section class=\"elementor-section elementor-top-section elementor-element elementor-element-8cbaea7 elementor-section-boxed elementor-section-height-default elementor-section-height-default\" data-id=\"8cbaea7\" data-element_type=\"section\" data-e-type=\"section\">\n\t\t\t\t\t\t<div class=\"elementor-container elementor-column-gap-default\">\n\t\t\t\t\t<div class=\"elementor-column elementor-col-100 elementor-top-column elementor-element elementor-element-6fa0c59\" data-id=\"6fa0c59\" data-element_type=\"column\" data-e-type=\"column\">\n\t\t\t<div class=\"elementor-widget-wrap elementor-element-populated\">\n\t\t\t\t\t\t<div class=\"elementor-element elementor-element-d713450 elementor-widget elementor-widget-image\" data-id=\"d713450\" data-element_type=\"widget\" data-e-type=\"widget\" data-widget_type=\"image.default\">\n\t\t\t\t<div class=\"elementor-widget-container\">\n\t\t\t\t\t\t\t\t\t\t\t\t\t\t\t<img fetchpriority=\"high\" decoding=\"async\" data-attachment-id=\"1741\" data-permalink=\"https:\/\/e-v-o.org\/index.php\/organigramme\/00d8f8ad-66eb-44a8-b0bf-b8d2b17c4b41\/\" data-orig-file=\"https:\/\/i0.wp.com\/e-v-o.org\/wp-content\/uploads\/2022\/11\/00d8f8ad-66eb-44a8-b0bf-b8d2b17c4b41.jpg?fit=1197%2C1600&amp;ssl=1\" data-orig-size=\"1197,1600\" data-comments-opened=\"0\" data-image-meta=\"{&quot;aperture&quot;:&quot;0&quot;,&quot;credit&quot;:&quot;&quot;,&quot;camera&quot;:&quot;&quot;,&quot;caption&quot;:&quot;&quot;,&quot;created_timestamp&quot;:&quot;0&quot;,&quot;copyright&quot;:&quot;&quot;,&quot;focal_length&quot;:&quot;0&quot;,&quot;iso&quot;:&quot;0&quot;,&quot;shutter_speed&quot;:&quot;0&quot;,&quot;title&quot;:&quot;&quot;,&quot;orientation&quot;:&quot;0&quot;}\" data-image-title=\"00d8f8ad-66eb-44a8-b0bf-b8d2b17c4b41\" data-image-description=\"\" data-image-caption=\"\" data-large-file=\"https:\/\/i0.wp.com\/e-v-o.org\/wp-content\/uploads\/2022\/11\/00d8f8ad-66eb-44a8-b0bf-b8d2b17c4b41.jpg?fit=766%2C1024&amp;ssl=1\" width=\"766\" height=\"1024\" src=\"https:\/\/i0.wp.com\/e-v-o.org\/wp-content\/uploads\/2022\/11\/00d8f8ad-66eb-44a8-b0bf-b8d2b17c4b41.jpg?fit=766%2C1024&amp;ssl=1\" class=\"attachment-large size-large wp-image-1741\" alt=\"\" srcset=\"https:\/\/i0.wp.com\/e-v-o.org\/wp-content\/uploads\/2022\/11\/00d8f8ad-66eb-44a8-b0bf-b8d2b17c4b41.jpg?w=1197&amp;ssl=1 1197w, https:\/\/i0.wp.com\/e-v-o.org\/wp-content\/uploads\/2022\/11\/00d8f8ad-66eb-44a8-b0bf-b8d2b17c4b41.jpg?resize=224%2C300&amp;ssl=1 224w, https:\/\/i0.wp.com\/e-v-o.org\/wp-content\/uploads\/2022\/11\/00d8f8ad-66eb-44a8-b0bf-b8d2b17c4b41.jpg?resize=766%2C1024&amp;ssl=1 766w, https:\/\/i0.wp.com\/e-v-o.org\/wp-content\/uploads\/2022\/11\/00d8f8ad-66eb-44a8-b0bf-b8d2b17c4b41.jpg?resize=768%2C1027&amp;ssl=1 768w, https:\/\/i0.wp.com\/e-v-o.org\/wp-content\/uploads\/2022\/11\/00d8f8ad-66eb-44a8-b0bf-b8d2b17c4b41.jpg?resize=1149%2C1536&amp;ssl=1 1149w\" sizes=\"(max-width: 766px) 100vw, 766px\" data-attachment-id=\"1741\" data-permalink=\"https:\/\/e-v-o.org\/index.php\/organigramme\/00d8f8ad-66eb-44a8-b0bf-b8d2b17c4b41\/\" data-orig-file=\"https:\/\/i0.wp.com\/e-v-o.org\/wp-content\/uploads\/2022\/11\/00d8f8ad-66eb-44a8-b0bf-b8d2b17c4b41.jpg?fit=1197%2C1600&amp;ssl=1\" data-orig-size=\"1197,1600\" data-comments-opened=\"0\" data-image-meta=\"{&quot;aperture&quot;:&quot;0&quot;,&quot;credit&quot;:&quot;&quot;,&quot;camera&quot;:&quot;&quot;,&quot;caption&quot;:&quot;&quot;,&quot;created_timestamp&quot;:&quot;0&quot;,&quot;copyright&quot;:&quot;&quot;,&quot;focal_length&quot;:&quot;0&quot;,&quot;iso&quot;:&quot;0&quot;,&quot;shutter_speed&quot;:&quot;0&quot;,&quot;title&quot;:&quot;&quot;,&quot;orientation&quot;:&quot;0&quot;}\" data-image-title=\"00d8f8ad-66eb-44a8-b0bf-b8d2b17c4b41\" data-image-description=\"\" data-image-caption=\"\" data-large-file=\"https:\/\/i0.wp.com\/e-v-o.org\/wp-content\/uploads\/2022\/11\/00d8f8ad-66eb-44a8-b0bf-b8d2b17c4b41.jpg?fit=766%2C1024&amp;ssl=1\" \/>\t\t\t\t\t\t\t\t\t\t\t\t\t\t\t<\/div>\n\t\t\t\t<\/div>\n\t\t\t\t\t<\/div>\n\t\t<\/div>\n\t\t\t\t\t<\/div>\n\t\t<\/section>\n\t\t\t\t<\/div>\n\t\t","protected":false},"excerpt":{"rendered":"<p>Cr\u00e9\u00e9 en 2018 par Chris, Loulou et Tam, EVO est devenu un incontournable sur le plan r\u00e9gional.\u00a0 EVO c&rsquo;est : 200 licenci\u00e9s, 3 salles pour &hellip; <\/p>\n","protected":false},"author":1,"featured_media":0,"parent":0,"menu_order":0,"comment_status":"closed","ping_status":"closed","template":"","meta":{"ngg_post_thumbnail":0,"jetpack_post_was_ever_published":false,"footnotes":""},"class_list":["post-1281","page","type-page","status-publish","hentry"],"yoast_head":"<!-- This site is optimized with the Yoast SEO plugin v27.4 - https:\/\/yoast.com\/product\/yoast-seo-wordpress\/ -->\n<title>Le club - EVO - Club d&#039;Escalade<\/title>\n<meta name=\"robots\" content=\"index, follow, max-snippet:-1, max-image-preview:large, max-video-preview:-1\" \/>\n<link rel=\"canonical\" href=\"https:\/\/e-v-o.org\/index.php\/organigramme\/\" \/>\n<meta property=\"og:locale\" content=\"fr_FR\" \/>\n<meta property=\"og:type\" content=\"article\" \/>\n<meta property=\"og:title\" content=\"Le club - EVO - Club d&#039;Escalade\" \/>\n<meta property=\"og:description\" content=\"Cr\u00e9\u00e9 en 2018 par Chris, Loulou et Tam, EVO est devenu un incontournable sur le plan r\u00e9gional.\u00a0 EVO c&rsquo;est : 200 licenci\u00e9s, 3 salles pour &hellip;\" \/>\n<meta property=\"og:url\" content=\"https:\/\/e-v-o.org\/index.php\/organigramme\/\" \/>\n<meta property=\"og:site_name\" content=\"EVO - Club d&#039;Escalade\" \/>\n<meta property=\"article:publisher\" content=\"https:\/\/www.facebook.com\/EquilibreVerticalOrleans\/\" \/>\n<meta property=\"article:modified_time\" content=\"2022-11-08T09:12:06+00:00\" \/>\n<meta property=\"og:image\" content=\"http:\/\/e-v-o.org\/wp-content\/uploads\/2022\/11\/00d8f8ad-66eb-44a8-b0bf-b8d2b17c4b41-766x1024.jpg\" \/>\n<meta name=\"twitter:card\" content=\"summary_large_image\" \/>\n<meta name=\"twitter:label1\" content=\"Dur\u00e9e de lecture estim\u00e9e\" \/>\n\t<meta name=\"twitter:data1\" content=\"1 minute\" \/>\n<script type=\"application\/ld+json\" class=\"yoast-schema-graph\">{\"@context\":\"https:\\\/\\\/schema.org\",\"@graph\":[{\"@type\":\"WebPage\",\"@id\":\"https:\\\/\\\/e-v-o.org\\\/index.php\\\/organigramme\\\/\",\"url\":\"https:\\\/\\\/e-v-o.org\\\/index.php\\\/organigramme\\\/\",\"name\":\"Le club - EVO - Club d&#039;Escalade\",\"isPartOf\":{\"@id\":\"https:\\\/\\\/e-v-o.org\\\/#website\"},\"primaryImageOfPage\":{\"@id\":\"https:\\\/\\\/e-v-o.org\\\/index.php\\\/organigramme\\\/#primaryimage\"},\"image\":{\"@id\":\"https:\\\/\\\/e-v-o.org\\\/index.php\\\/organigramme\\\/#primaryimage\"},\"thumbnailUrl\":\"http:\\\/\\\/e-v-o.org\\\/wp-content\\\/uploads\\\/2022\\\/11\\\/00d8f8ad-66eb-44a8-b0bf-b8d2b17c4b41-766x1024.jpg\",\"datePublished\":\"2022-09-01T13:29:07+00:00\",\"dateModified\":\"2022-11-08T09:12:06+00:00\",\"breadcrumb\":{\"@id\":\"https:\\\/\\\/e-v-o.org\\\/index.php\\\/organigramme\\\/#breadcrumb\"},\"inLanguage\":\"fr-FR\",\"potentialAction\":[{\"@type\":\"ReadAction\",\"target\":[\"https:\\\/\\\/e-v-o.org\\\/index.php\\\/organigramme\\\/\"]}]},{\"@type\":\"ImageObject\",\"inLanguage\":\"fr-FR\",\"@id\":\"https:\\\/\\\/e-v-o.org\\\/index.php\\\/organigramme\\\/#primaryimage\",\"url\":\"http:\\\/\\\/e-v-o.org\\\/wp-content\\\/uploads\\\/2022\\\/11\\\/00d8f8ad-66eb-44a8-b0bf-b8d2b17c4b41-766x1024.jpg\",\"contentUrl\":\"http:\\\/\\\/e-v-o.org\\\/wp-content\\\/uploads\\\/2022\\\/11\\\/00d8f8ad-66eb-44a8-b0bf-b8d2b17c4b41-766x1024.jpg\"},{\"@type\":\"BreadcrumbList\",\"@id\":\"https:\\\/\\\/e-v-o.org\\\/index.php\\\/organigramme\\\/#breadcrumb\",\"itemListElement\":[{\"@type\":\"ListItem\",\"position\":1,\"name\":\"Accueil\",\"item\":\"https:\\\/\\\/e-v-o.org\\\/\"},{\"@type\":\"ListItem\",\"position\":2,\"name\":\"Le club\"}]},{\"@type\":\"WebSite\",\"@id\":\"https:\\\/\\\/e-v-o.org\\\/#website\",\"url\":\"https:\\\/\\\/e-v-o.org\\\/\",\"name\":\"EVO - Club d'escalade Orl\u00e9ans\",\"description\":\"\u201cFaire les choses s\u00e9rieusement sans se prendre au s\u00e9rieux\u201d\",\"publisher\":{\"@id\":\"https:\\\/\\\/e-v-o.org\\\/#organization\"},\"potentialAction\":[{\"@type\":\"SearchAction\",\"target\":{\"@type\":\"EntryPoint\",\"urlTemplate\":\"https:\\\/\\\/e-v-o.org\\\/?s={search_term_string}\"},\"query-input\":{\"@type\":\"PropertyValueSpecification\",\"valueRequired\":true,\"valueName\":\"search_term_string\"}}],\"inLanguage\":\"fr-FR\"},{\"@type\":\"Organization\",\"@id\":\"https:\\\/\\\/e-v-o.org\\\/#organization\",\"name\":\"Equilibre Vertical Orl\u00e9ans\",\"url\":\"https:\\\/\\\/e-v-o.org\\\/\",\"logo\":{\"@type\":\"ImageObject\",\"inLanguage\":\"fr-FR\",\"@id\":\"https:\\\/\\\/e-v-o.org\\\/#\\\/schema\\\/logo\\\/image\\\/\",\"url\":\"https:\\\/\\\/i0.wp.com\\\/e-v-o.org\\\/wp-content\\\/uploads\\\/2019\\\/09\\\/Logo-EVO-2019-Officiel-2.png?fit=2277%2C1326&ssl=1\",\"contentUrl\":\"https:\\\/\\\/i0.wp.com\\\/e-v-o.org\\\/wp-content\\\/uploads\\\/2019\\\/09\\\/Logo-EVO-2019-Officiel-2.png?fit=2277%2C1326&ssl=1\",\"width\":2277,\"height\":1326,\"caption\":\"Equilibre Vertical Orl\u00e9ans\"},\"image\":{\"@id\":\"https:\\\/\\\/e-v-o.org\\\/#\\\/schema\\\/logo\\\/image\\\/\"},\"sameAs\":[\"https:\\\/\\\/www.facebook.com\\\/EquilibreVerticalOrleans\\\/\",\"https:\\\/\\\/www.instagram.com\\\/equilibreverticalorleans\\\/?hl=fr\"]}]}<\/script>\n<!-- \/ Yoast SEO plugin. -->","yoast_head_json":{"title":"Le club - EVO - Club d&#039;Escalade","robots":{"index":"index","follow":"follow","max-snippet":"max-snippet:-1","max-image-preview":"max-image-preview:large","max-video-preview":"max-video-preview:-1"},"canonical":"https:\/\/e-v-o.org\/index.php\/organigramme\/","og_locale":"fr_FR","og_type":"article","og_title":"Le club - EVO - Club d&#039;Escalade","og_description":"Cr\u00e9\u00e9 en 2018 par Chris, Loulou et Tam, EVO est devenu un incontournable sur le plan r\u00e9gional.\u00a0 EVO c&rsquo;est : 200 licenci\u00e9s, 3 salles pour &hellip;","og_url":"https:\/\/e-v-o.org\/index.php\/organigramme\/","og_site_name":"EVO - Club d&#039;Escalade","article_publisher":"https:\/\/www.facebook.com\/EquilibreVerticalOrleans\/","article_modified_time":"2022-11-08T09:12:06+00:00","og_image":[{"url":"http:\/\/e-v-o.org\/wp-content\/uploads\/2022\/11\/00d8f8ad-66eb-44a8-b0bf-b8d2b17c4b41-766x1024.jpg","type":"","width":"","height":""}],"twitter_card":"summary_large_image","twitter_misc":{"Dur\u00e9e de lecture estim\u00e9e":"1 minute"},"schema":{"@context":"https:\/\/schema.org","@graph":[{"@type":"WebPage","@id":"https:\/\/e-v-o.org\/index.php\/organigramme\/","url":"https:\/\/e-v-o.org\/index.php\/organigramme\/","name":"Le club - EVO - Club d&#039;Escalade","isPartOf":{"@id":"https:\/\/e-v-o.org\/#website"},"primaryImageOfPage":{"@id":"https:\/\/e-v-o.org\/index.php\/organigramme\/#primaryimage"},"image":{"@id":"https:\/\/e-v-o.org\/index.php\/organigramme\/#primaryimage"},"thumbnailUrl":"http:\/\/e-v-o.org\/wp-content\/uploads\/2022\/11\/00d8f8ad-66eb-44a8-b0bf-b8d2b17c4b41-766x1024.jpg","datePublished":"2022-09-01T13:29:07+00:00","dateModified":"2022-11-08T09:12:06+00:00","breadcrumb":{"@id":"https:\/\/e-v-o.org\/index.php\/organigramme\/#breadcrumb"},"inLanguage":"fr-FR","potentialAction":[{"@type":"ReadAction","target":["https:\/\/e-v-o.org\/index.php\/organigramme\/"]}]},{"@type":"ImageObject","inLanguage":"fr-FR","@id":"https:\/\/e-v-o.org\/index.php\/organigramme\/#primaryimage","url":"http:\/\/e-v-o.org\/wp-content\/uploads\/2022\/11\/00d8f8ad-66eb-44a8-b0bf-b8d2b17c4b41-766x1024.jpg","contentUrl":"http:\/\/e-v-o.org\/wp-content\/uploads\/2022\/11\/00d8f8ad-66eb-44a8-b0bf-b8d2b17c4b41-766x1024.jpg"},{"@type":"BreadcrumbList","@id":"https:\/\/e-v-o.org\/index.php\/organigramme\/#breadcrumb","itemListElement":[{"@type":"ListItem","position":1,"name":"Accueil","item":"https:\/\/e-v-o.org\/"},{"@type":"ListItem","position":2,"name":"Le club"}]},{"@type":"WebSite","@id":"https:\/\/e-v-o.org\/#website","url":"https:\/\/e-v-o.org\/","name":"EVO - Club d'escalade Orl\u00e9ans","description":"\u201cFaire les choses s\u00e9rieusement sans se prendre au s\u00e9rieux\u201d","publisher":{"@id":"https:\/\/e-v-o.org\/#organization"},"potentialAction":[{"@type":"SearchAction","target":{"@type":"EntryPoint","urlTemplate":"https:\/\/e-v-o.org\/?s={search_term_string}"},"query-input":{"@type":"PropertyValueSpecification","valueRequired":true,"valueName":"search_term_string"}}],"inLanguage":"fr-FR"},{"@type":"Organization","@id":"https:\/\/e-v-o.org\/#organization","name":"Equilibre Vertical Orl\u00e9ans","url":"https:\/\/e-v-o.org\/","logo":{"@type":"ImageObject","inLanguage":"fr-FR","@id":"https:\/\/e-v-o.org\/#\/schema\/logo\/image\/","url":"https:\/\/i0.wp.com\/e-v-o.org\/wp-content\/uploads\/2019\/09\/Logo-EVO-2019-Officiel-2.png?fit=2277%2C1326&ssl=1","contentUrl":"https:\/\/i0.wp.com\/e-v-o.org\/wp-content\/uploads\/2019\/09\/Logo-EVO-2019-Officiel-2.png?fit=2277%2C1326&ssl=1","width":2277,"height":1326,"caption":"Equilibre Vertical Orl\u00e9ans"},"image":{"@id":"https:\/\/e-v-o.org\/#\/schema\/logo\/image\/"},"sameAs":["https:\/\/www.facebook.com\/EquilibreVerticalOrleans\/","https:\/\/www.instagram.com\/equilibreverticalorleans\/?hl=fr"]}]}},"jetpack_sharing_enabled":true,"jetpack-related-posts":[{"id":2653,"url":"https:\/\/e-v-o.org\/index.php\/la-gazette-du-grimpeur-evo\/","url_meta":{"origin":1281,"position":0},"title":"LA GAZETTE DU GRIMPEUR EVO","author":"EVO","date":"02\/08\/2023","format":false,"excerpt":"POURQUOI UNE NEWSLETTER ?L\u2019objectif est simple : Vous tenir au courant de la vie et des projets du club. Nous en profiterons \u00e9galement pour vous parler du monde de la grimpe en g\u00e9n\u00e9ral, des \u00e9volutions, des comp\u00e8tes, du matos...\u00a0Bref, tout ce qui touche de pr\u00e8s ou de loin \u00e0 l\u2019escalade\u2026","rel":"","context":"Article similaire","block_context":{"text":"Article similaire","link":""},"img":{"alt_text":"","src":"https:\/\/i0.wp.com\/e-v-o.org\/wp-content\/uploads\/2024\/05\/31b862ae-1e04-40c3-9a9c-ff0330a640fd.jpg?resize=350%2C200&ssl=1","width":350,"height":200,"srcset":"https:\/\/i0.wp.com\/e-v-o.org\/wp-content\/uploads\/2024\/05\/31b862ae-1e04-40c3-9a9c-ff0330a640fd.jpg?resize=350%2C200&ssl=1 1x, https:\/\/i0.wp.com\/e-v-o.org\/wp-content\/uploads\/2024\/05\/31b862ae-1e04-40c3-9a9c-ff0330a640fd.jpg?resize=525%2C300&ssl=1 1.5x, https:\/\/i0.wp.com\/e-v-o.org\/wp-content\/uploads\/2024\/05\/31b862ae-1e04-40c3-9a9c-ff0330a640fd.jpg?resize=700%2C400&ssl=1 2x"},"classes":[]},{"id":1089,"url":"https:\/\/e-v-o.org\/","url_meta":{"origin":1281,"position":1},"title":"Accueil","author":"EVO","date":"31\/08\/2021","format":false,"excerpt":"Equilibre Vertical Orl\u00e9ans c'est... Plus de 180 grimpeurs \u00e9voluant dans une ambiance conviviale !Une vingtaine d'encadrants dipl\u00f4m\u00e9s pour proposer des s\u00e9ances d'entrainements, organiser des sorties en falaises, vous accompagner en comp\u00e9titions, et animer l'ann\u00e9e avec diff\u00e9rents \u00e9v\u00e8nements11 cr\u00e9neaux diff\u00e9rents sur la semaine, adapt\u00e9s \u00e0 tous les niveaux et tous les\u2026","rel":"","context":"Article similaire","block_context":{"text":"Article similaire","link":""},"img":{"alt_text":"WhatsApp Image 2023-09-10 \u00e0 19.14.59","src":"https:\/\/i0.wp.com\/e-v-o.org\/wp-content\/uploads\/2023\/09\/WhatsApp-Image-2023-09-10-a-19.14.59-200x300.jpg?resize=350%2C200&ssl=1","width":350,"height":200},"classes":[]},{"id":3973,"url":"https:\/\/e-v-o.org\/index.php\/contactez-nous\/","url_meta":{"origin":1281,"position":2},"title":"Contactez-nous !","author":"EVO","date":"21\/05\/2025","format":false,"excerpt":"Pour les inscriptions de la saison 2025\/2026, envoyez-nous un mail \u00e0 partir du 1er juillet 2025 sur equilibreverticalorleans@gmail.com . Toutes les demandes seront trait\u00e9es \u00e0 partir de la mi-juillet.Attention: toutes les demandes faites avant le 1er juillet ne seront pas prises en compte. \u00c9quilibre Vertical Orl\u00e9ans (E.V.O)T\u00e9l : 06.88.15.52.11(Maxime Bunel)T\u00e9l\u2026","rel":"","context":"Article similaire","block_context":{"text":"Article similaire","link":""},"img":{"alt_text":"","src":"https:\/\/i0.wp.com\/e-v-o.org\/wp-content\/uploads\/2020\/10\/IMG_6617-200x300.jpg?resize=350%2C200&ssl=1","width":350,"height":200},"classes":[]},{"id":100,"url":"https:\/\/e-v-o.org\/index.php\/mentions-legales\/","url_meta":{"origin":1281,"position":3},"title":"Mentions l\u00e9gales","author":"EVO","date":"04\/09\/2018","format":false,"excerpt":"Ce site pr\u00e9sente les activit\u00e9s de l'association EVO : \u00c9quilibre Vertical Orl\u00e9ans Il est repr\u00e9sent\u00e9 par : Monsieur Christophe Brazey, Directeur de la publication Cr\u00e9ation du site : Wordpress personnalis\u00e9 par AD Multim\u00e9dia - Orl\u00e9ans - SIREN 519 941 298 www.antoine-deshayes.com Il est h\u00e9berg\u00e9 par OVH SAS au capital de\u2026","rel":"","context":"Article similaire","block_context":{"text":"Article similaire","link":""},"img":{"alt_text":"","src":"","width":0,"height":0},"classes":[]},{"id":1334,"url":"https:\/\/e-v-o.org\/index.php\/evo-en-falaises\/","url_meta":{"origin":1281,"position":4},"title":"EVO en falaises","author":"EVO","date":"14\/10\/2022","format":false,"excerpt":"Sortie en Bourgogne pour les grimpeurs d'EVO Cette ann\u00e9e, ce sont une vingtaine d'adultes, d\u00e9butants et confirm\u00e9s, qui ont pu profiter des falaises bourgignone le temps d'un weekend. Les jeunes en falaises en Bourgogne Pendant 4 jours, 15 jeunes accomapgn\u00e9s par des encadrants b\u00e9n\u00e9voles, sont all\u00e9s tater du cailloux \u00e0\u2026","rel":"","context":"Article similaire","block_context":{"text":"Article similaire","link":""},"img":{"alt_text":"","src":"https:\/\/i0.wp.com\/e-v-o.org\/wp-content\/uploads\/2022\/10\/IMG_5452.jpg?resize=350%2C200&ssl=1","width":350,"height":200,"srcset":"https:\/\/i0.wp.com\/e-v-o.org\/wp-content\/uploads\/2022\/10\/IMG_5452.jpg?resize=350%2C200&ssl=1 1x, https:\/\/i0.wp.com\/e-v-o.org\/wp-content\/uploads\/2022\/10\/IMG_5452.jpg?resize=525%2C300&ssl=1 1.5x, https:\/\/i0.wp.com\/e-v-o.org\/wp-content\/uploads\/2022\/10\/IMG_5452.jpg?resize=700%2C400&ssl=1 2x"},"classes":[]},{"id":1624,"url":"https:\/\/e-v-o.org\/index.php\/organigramme-2\/","url_meta":{"origin":1281,"position":5},"title":"Organigramme","author":"EVO","date":"19\/10\/2022","format":false,"excerpt":"L\u2019 \u00e9quipe est compos\u00e9e uniquement de b\u00e9n\u00e9voles, tous les encadrants sont au minimum titulaires du SAE .\u00a0\u00a0","rel":"","context":"Article similaire","block_context":{"text":"Article similaire","link":""},"img":{"alt_text":"","src":"https:\/\/i0.wp.com\/e-v-o.org\/wp-content\/uploads\/2025\/06\/Organigramme-bureau.jpg?resize=350%2C200&ssl=1","width":350,"height":200,"srcset":"https:\/\/i0.wp.com\/e-v-o.org\/wp-content\/uploads\/2025\/06\/Organigramme-bureau.jpg?resize=350%2C200&ssl=1 1x, https:\/\/i0.wp.com\/e-v-o.org\/wp-content\/uploads\/2025\/06\/Organigramme-bureau.jpg?resize=525%2C300&ssl=1 1.5x, https:\/\/i0.wp.com\/e-v-o.org\/wp-content\/uploads\/2025\/06\/Organigramme-bureau.jpg?resize=700%2C400&ssl=1 2x"},"classes":[]}],"_links":{"self":[{"href":"https:\/\/e-v-o.org\/index.php\/wp-json\/wp\/v2\/pages\/1281","targetHints":{"allow":["GET"]}}],"collection":[{"href":"https:\/\/e-v-o.org\/index.php\/wp-json\/wp\/v2\/pages"}],"about":[{"href":"https:\/\/e-v-o.org\/index.php\/wp-json\/wp\/v2\/types\/page"}],"author":[{"embeddable":true,"href":"https:\/\/e-v-o.org\/index.php\/wp-json\/wp\/v2\/users\/1"}],"replies":[{"embeddable":true,"href":"https:\/\/e-v-o.org\/index.php\/wp-json\/wp\/v2\/comments?post=1281"}],"version-history":[{"count":10,"href":"https:\/\/e-v-o.org\/index.php\/wp-json\/wp\/v2\/pages\/1281\/revisions"}],"predecessor-version":[{"id":1745,"href":"https:\/\/e-v-o.org\/index.php\/wp-json\/wp\/v2\/pages\/1281\/revisions\/1745"}],"wp:attachment":[{"href":"https:\/\/e-v-o.org\/index.php\/wp-json\/wp\/v2\/media?parent=1281"}],"curies":[{"name":"wp","href":"https:\/\/api.w.org\/{rel}","templated":true}]}}