{"id":1560,"date":"2022-10-16T15:55:38","date_gmt":"2022-10-16T13:55:38","guid":{"rendered":"https:\/\/e-v-o.org\/?page_id=1560"},"modified":"2025-09-05T20:17:54","modified_gmt":"2025-09-05T18:17:54","slug":"creneaux-famille","status":"publish","type":"page","link":"https:\/\/e-v-o.org\/index.php\/creneaux-famille\/","title":{"rendered":"Cr\u00e9neaux Familles\/Microbes"},"content":{"rendered":"\t\t<div data-elementor-type=\"wp-page\" data-elementor-id=\"1560\" class=\"elementor elementor-1560\">\n\t\t\t\t\t\t<section class=\"elementor-section elementor-top-section elementor-element elementor-element-1256602 elementor-section-boxed elementor-section-height-default elementor-section-height-default\" data-id=\"1256602\" data-element_type=\"section\" data-e-type=\"section\">\n\t\t\t\t\t\t<div class=\"elementor-container elementor-column-gap-default\">\n\t\t\t\t\t<div class=\"elementor-column elementor-col-100 elementor-top-column elementor-element elementor-element-c520633\" data-id=\"c520633\" data-element_type=\"column\" data-e-type=\"column\">\n\t\t\t<div class=\"elementor-widget-wrap elementor-element-populated\">\n\t\t\t\t\t\t<div class=\"elementor-element elementor-element-065d8a6 elementor-widget elementor-widget-text-editor\" data-id=\"065d8a6\" data-element_type=\"widget\" data-e-type=\"widget\" data-widget_type=\"text-editor.default\">\n\t\t\t\t<div class=\"elementor-widget-container\">\n\t\t\t\t\t\t\t\t\t<h4><u><b>Rdv le samedi 20 septembre 2025 pour le 1er cr\u00e9neaux Microbes\u00a0<\/b><\/u><\/h4>\t\t\t\t\t\t\t\t<\/div>\n\t\t\t\t<\/div>\n\t\t\t\t<div class=\"elementor-element elementor-element-c3704a4 elementor-widget-divider--view-line elementor-widget elementor-widget-divider\" data-id=\"c3704a4\" data-element_type=\"widget\" data-e-type=\"widget\" data-widget_type=\"divider.default\">\n\t\t\t\t<div class=\"elementor-widget-container\">\n\t\t\t\t\t\t\t<div class=\"elementor-divider\">\n\t\t\t<span class=\"elementor-divider-separator\">\n\t\t\t\t\t\t<\/span>\n\t\t<\/div>\n\t\t\t\t\t\t<\/div>\n\t\t\t\t<\/div>\n\t\t\t\t<div class=\"elementor-element elementor-element-620471d elementor-widget elementor-widget-text-editor\" data-id=\"620471d\" data-element_type=\"widget\" data-e-type=\"widget\" data-widget_type=\"text-editor.default\">\n\t\t\t\t<div class=\"elementor-widget-container\">\n\t\t\t\t\t\t\t\t\t<p style=\"background: white; margin: 0cm 0cm 18pt; text-align: center;\"><span style=\"font-size: 13.5pt; font-family: 'Arial',sans-serif; color: #404040;\">Le cour \u00ab\u00a0Microbes\u00a0\u00bb permet aux enfants \u00e0 partir de 6 ans jusqu&rsquo;\u00e0 10 ans de d\u00e9couvrir l\u2019escalade.<\/span><\/p><p style=\"background: white; margin: 0cm 0cm 18pt; text-align: center;\"><span style=\"font-size: 13.5pt; font-family: 'Arial',sans-serif; color: #404040;\">Le cr\u00e9neau \u00ab\u00a0FAMILLE\u00a0\u00bb a pour objectif de d\u00e9couvrir la pratique de l\u2019escalade en famille.<br \/>Venez grimper avec vos enfants, nous vous accueillerons les bras ouverts\u00a0!<\/span><\/p>\t\t\t\t\t\t\t\t<\/div>\n\t\t\t\t<\/div>\n\t\t\t\t\t<\/div>\n\t\t<\/div>\n\t\t\t\t\t<\/div>\n\t\t<\/section>\n\t\t\t\t<section class=\"elementor-section elementor-top-section elementor-element elementor-element-6908bba elementor-section-boxed elementor-section-height-default elementor-section-height-default\" data-id=\"6908bba\" data-element_type=\"section\" data-e-type=\"section\">\n\t\t\t\t\t\t<div class=\"elementor-container elementor-column-gap-default\">\n\t\t\t\t\t<div class=\"elementor-column elementor-col-100 elementor-top-column elementor-element elementor-element-bb850d6\" data-id=\"bb850d6\" data-element_type=\"column\" data-e-type=\"column\">\n\t\t\t<div class=\"elementor-widget-wrap elementor-element-populated\">\n\t\t\t\t\t\t<div class=\"elementor-element elementor-element-e53c36b elementor-widget-divider--view-line elementor-widget elementor-widget-divider\" data-id=\"e53c36b\" data-element_type=\"widget\" data-e-type=\"widget\" data-widget_type=\"divider.default\">\n\t\t\t\t<div class=\"elementor-widget-container\">\n\t\t\t\t\t\t\t<div class=\"elementor-divider\">\n\t\t\t<span class=\"elementor-divider-separator\">\n\t\t\t\t\t\t<\/span>\n\t\t<\/div>\n\t\t\t\t\t\t<\/div>\n\t\t\t\t<\/div>\n\t\t\t\t<div class=\"elementor-element elementor-element-1f6e094 elementor-widget elementor-widget-heading\" data-id=\"1f6e094\" data-element_type=\"widget\" data-e-type=\"widget\" data-widget_type=\"heading.default\">\n\t\t\t\t<div class=\"elementor-widget-container\">\n\t\t\t\t\t<h2 class=\"elementor-heading-title elementor-size-default\">2025\/2026<\/h2>\t\t\t\t<\/div>\n\t\t\t\t<\/div>\n\t\t\t\t<div class=\"elementor-element elementor-element-bf13e86 elementor-widget elementor-widget-image\" data-id=\"bf13e86\" data-element_type=\"widget\" data-e-type=\"widget\" data-widget_type=\"image.default\">\n\t\t\t\t<div class=\"elementor-widget-container\">\n\t\t\t\t\t\t\t\t\t\t\t\t\t\t\t<img fetchpriority=\"high\" decoding=\"async\" data-attachment-id=\"4131\" data-permalink=\"https:\/\/e-v-o.org\/index.php\/creneaux-autonomes\/horaire-microbe-2025\/\" data-orig-file=\"https:\/\/i0.wp.com\/e-v-o.org\/wp-content\/uploads\/2025\/06\/Horaire-microbe-2025.jpg?fit=627%2C145&amp;ssl=1\" data-orig-size=\"627,145\" data-comments-opened=\"0\" data-image-meta=\"{&quot;aperture&quot;:&quot;0&quot;,&quot;credit&quot;:&quot;&quot;,&quot;camera&quot;:&quot;&quot;,&quot;caption&quot;:&quot;&quot;,&quot;created_timestamp&quot;:&quot;0&quot;,&quot;copyright&quot;:&quot;&quot;,&quot;focal_length&quot;:&quot;0&quot;,&quot;iso&quot;:&quot;0&quot;,&quot;shutter_speed&quot;:&quot;0&quot;,&quot;title&quot;:&quot;&quot;,&quot;orientation&quot;:&quot;0&quot;}\" data-image-title=\"Horaire microbe 2025\" data-image-description=\"\" data-image-caption=\"\" data-large-file=\"https:\/\/i0.wp.com\/e-v-o.org\/wp-content\/uploads\/2025\/06\/Horaire-microbe-2025.jpg?fit=627%2C145&amp;ssl=1\" width=\"627\" height=\"145\" src=\"https:\/\/i0.wp.com\/e-v-o.org\/wp-content\/uploads\/2025\/06\/Horaire-microbe-2025.jpg?fit=627%2C145&amp;ssl=1\" class=\"attachment-large size-large wp-image-4131\" alt=\"\" srcset=\"https:\/\/i0.wp.com\/e-v-o.org\/wp-content\/uploads\/2025\/06\/Horaire-microbe-2025.jpg?w=627&amp;ssl=1 627w, https:\/\/i0.wp.com\/e-v-o.org\/wp-content\/uploads\/2025\/06\/Horaire-microbe-2025.jpg?resize=300%2C69&amp;ssl=1 300w\" sizes=\"(max-width: 627px) 100vw, 627px\" data-attachment-id=\"4131\" data-permalink=\"https:\/\/e-v-o.org\/index.php\/creneaux-autonomes\/horaire-microbe-2025\/\" data-orig-file=\"https:\/\/i0.wp.com\/e-v-o.org\/wp-content\/uploads\/2025\/06\/Horaire-microbe-2025.jpg?fit=627%2C145&amp;ssl=1\" data-orig-size=\"627,145\" data-comments-opened=\"0\" data-image-meta=\"{&quot;aperture&quot;:&quot;0&quot;,&quot;credit&quot;:&quot;&quot;,&quot;camera&quot;:&quot;&quot;,&quot;caption&quot;:&quot;&quot;,&quot;created_timestamp&quot;:&quot;0&quot;,&quot;copyright&quot;:&quot;&quot;,&quot;focal_length&quot;:&quot;0&quot;,&quot;iso&quot;:&quot;0&quot;,&quot;shutter_speed&quot;:&quot;0&quot;,&quot;title&quot;:&quot;&quot;,&quot;orientation&quot;:&quot;0&quot;}\" data-image-title=\"Horaire microbe 2025\" data-image-description=\"\" data-image-caption=\"\" data-large-file=\"https:\/\/i0.wp.com\/e-v-o.org\/wp-content\/uploads\/2025\/06\/Horaire-microbe-2025.jpg?fit=627%2C145&amp;ssl=1\" \/>\t\t\t\t\t\t\t\t\t\t\t\t\t\t\t<\/div>\n\t\t\t\t<\/div>\n\t\t\t\t\t<\/div>\n\t\t<\/div>\n\t\t\t\t\t<\/div>\n\t\t<\/section>\n\t\t\t\t<section class=\"elementor-section elementor-top-section elementor-element elementor-element-8a0c2bd elementor-section-boxed elementor-section-height-default elementor-section-height-default\" data-id=\"8a0c2bd\" data-element_type=\"section\" data-e-type=\"section\">\n\t\t\t\t\t\t<div class=\"elementor-container elementor-column-gap-default\">\n\t\t\t\t\t<div class=\"elementor-column elementor-col-100 elementor-top-column elementor-element elementor-element-42537d1\" data-id=\"42537d1\" data-element_type=\"column\" data-e-type=\"column\">\n\t\t\t<div class=\"elementor-widget-wrap elementor-element-populated\">\n\t\t\t\t\t\t<div class=\"elementor-element elementor-element-51a65bd elementor-align-center elementor-widget elementor-widget-button\" data-id=\"51a65bd\" data-element_type=\"widget\" data-e-type=\"widget\" data-widget_type=\"button.default\">\n\t\t\t\t<div class=\"elementor-widget-container\">\n\t\t\t\t\t\t\t\t\t<div class=\"elementor-button-wrapper\">\n\t\t\t\t\t<a class=\"elementor-button elementor-button-link elementor-size-sm\" href=\"https:\/\/e-v-o.org\/index.php\/lieux-horaires-tarifs\/\">\n\t\t\t\t\t\t<span class=\"elementor-button-content-wrapper\">\n\t\t\t\t\t\t\t\t\t<span class=\"elementor-button-text\">Cliquez ici pour voir les lieux<\/span>\n\t\t\t\t\t<\/span>\n\t\t\t\t\t<\/a>\n\t\t\t\t<\/div>\n\t\t\t\t\t\t\t\t<\/div>\n\t\t\t\t<\/div>\n\t\t\t\t\t<\/div>\n\t\t<\/div>\n\t\t\t\t\t<\/div>\n\t\t<\/section>\n\t\t\t\t<section class=\"elementor-section elementor-top-section elementor-element elementor-element-61f3002 elementor-section-boxed elementor-section-height-default elementor-section-height-default\" data-id=\"61f3002\" data-element_type=\"section\" data-e-type=\"section\">\n\t\t\t\t\t\t<div class=\"elementor-container elementor-column-gap-default\">\n\t\t\t\t\t<div class=\"elementor-column elementor-col-100 elementor-top-column elementor-element elementor-element-15a8af0\" data-id=\"15a8af0\" data-element_type=\"column\" data-e-type=\"column\">\n\t\t\t<div class=\"elementor-widget-wrap\">\n\t\t\t\t\t\t\t<\/div>\n\t\t<\/div>\n\t\t\t\t\t<\/div>\n\t\t<\/section>\n\t\t\t\t<\/div>\n\t\t","protected":false},"excerpt":{"rendered":"<p>Rdv le samedi 20 septembre 2025 pour le 1er cr\u00e9neaux Microbes\u00a0 Le cour \u00ab\u00a0Microbes\u00a0\u00bb permet aux enfants \u00e0 partir de 6 ans jusqu&rsquo;\u00e0 10 ans &hellip; <\/p>\n","protected":false},"author":1,"featured_media":0,"parent":0,"menu_order":0,"comment_status":"closed","ping_status":"closed","template":"","meta":{"ngg_post_thumbnail":0,"jetpack_post_was_ever_published":false,"footnotes":""},"class_list":["post-1560","page","type-page","status-publish","hentry"],"yoast_head":"<!-- This site is optimized with the Yoast SEO plugin v27.5 - https:\/\/yoast.com\/product\/yoast-seo-wordpress\/ -->\n<title>Cr\u00e9neaux Familles\/Microbes - EVO - Club d&#039;Escalade<\/title>\n<meta name=\"robots\" content=\"index, follow, max-snippet:-1, max-image-preview:large, max-video-preview:-1\" \/>\n<link rel=\"canonical\" href=\"https:\/\/e-v-o.org\/index.php\/creneaux-famille\/\" \/>\n<meta property=\"og:locale\" content=\"fr_FR\" \/>\n<meta property=\"og:type\" content=\"article\" \/>\n<meta property=\"og:title\" content=\"Cr\u00e9neaux Familles\/Microbes - EVO - Club d&#039;Escalade\" \/>\n<meta property=\"og:description\" content=\"Rdv le samedi 20 septembre 2025 pour le 1er cr\u00e9neaux Microbes\u00a0 Le cour \u00ab\u00a0Microbes\u00a0\u00bb permet aux enfants \u00e0 partir de 6 ans jusqu&rsquo;\u00e0 10 ans &hellip;\" \/>\n<meta property=\"og:url\" content=\"https:\/\/e-v-o.org\/index.php\/creneaux-famille\/\" \/>\n<meta property=\"og:site_name\" content=\"EVO - Club d&#039;Escalade\" \/>\n<meta property=\"article:publisher\" content=\"https:\/\/www.facebook.com\/EquilibreVerticalOrleans\/\" \/>\n<meta property=\"article:modified_time\" content=\"2025-09-05T18:17:54+00:00\" \/>\n<meta property=\"og:image\" content=\"https:\/\/e-v-o.org\/wp-content\/uploads\/2025\/06\/Horaire-microbe-2025.jpg\" \/>\n<meta name=\"twitter:card\" content=\"summary_large_image\" \/>\n<meta name=\"twitter:label1\" content=\"Dur\u00e9e de lecture estim\u00e9e\" \/>\n\t<meta name=\"twitter:data1\" content=\"1 minute\" \/>\n<script type=\"application\/ld+json\" class=\"yoast-schema-graph\">{\"@context\":\"https:\\\/\\\/schema.org\",\"@graph\":[{\"@type\":\"WebPage\",\"@id\":\"https:\\\/\\\/e-v-o.org\\\/index.php\\\/creneaux-famille\\\/\",\"url\":\"https:\\\/\\\/e-v-o.org\\\/index.php\\\/creneaux-famille\\\/\",\"name\":\"Cr\u00e9neaux Familles\\\/Microbes - EVO - Club d&#039;Escalade\",\"isPartOf\":{\"@id\":\"https:\\\/\\\/e-v-o.org\\\/#website\"},\"primaryImageOfPage\":{\"@id\":\"https:\\\/\\\/e-v-o.org\\\/index.php\\\/creneaux-famille\\\/#primaryimage\"},\"image\":{\"@id\":\"https:\\\/\\\/e-v-o.org\\\/index.php\\\/creneaux-famille\\\/#primaryimage\"},\"thumbnailUrl\":\"https:\\\/\\\/e-v-o.org\\\/wp-content\\\/uploads\\\/2025\\\/06\\\/Horaire-microbe-2025.jpg\",\"datePublished\":\"2022-10-16T13:55:38+00:00\",\"dateModified\":\"2025-09-05T18:17:54+00:00\",\"breadcrumb\":{\"@id\":\"https:\\\/\\\/e-v-o.org\\\/index.php\\\/creneaux-famille\\\/#breadcrumb\"},\"inLanguage\":\"fr-FR\",\"potentialAction\":[{\"@type\":\"ReadAction\",\"target\":[\"https:\\\/\\\/e-v-o.org\\\/index.php\\\/creneaux-famille\\\/\"]}]},{\"@type\":\"ImageObject\",\"inLanguage\":\"fr-FR\",\"@id\":\"https:\\\/\\\/e-v-o.org\\\/index.php\\\/creneaux-famille\\\/#primaryimage\",\"url\":\"https:\\\/\\\/i0.wp.com\\\/e-v-o.org\\\/wp-content\\\/uploads\\\/2025\\\/06\\\/Horaire-microbe-2025.jpg?fit=627%2C145&ssl=1\",\"contentUrl\":\"https:\\\/\\\/i0.wp.com\\\/e-v-o.org\\\/wp-content\\\/uploads\\\/2025\\\/06\\\/Horaire-microbe-2025.jpg?fit=627%2C145&ssl=1\",\"width\":627,\"height\":145},{\"@type\":\"BreadcrumbList\",\"@id\":\"https:\\\/\\\/e-v-o.org\\\/index.php\\\/creneaux-famille\\\/#breadcrumb\",\"itemListElement\":[{\"@type\":\"ListItem\",\"position\":1,\"name\":\"Accueil\",\"item\":\"https:\\\/\\\/e-v-o.org\\\/\"},{\"@type\":\"ListItem\",\"position\":2,\"name\":\"Cr\u00e9neaux Familles\\\/Microbes\"}]},{\"@type\":\"WebSite\",\"@id\":\"https:\\\/\\\/e-v-o.org\\\/#website\",\"url\":\"https:\\\/\\\/e-v-o.org\\\/\",\"name\":\"EVO - Club d'escalade Orl\u00e9ans\",\"description\":\"\u201cFaire les choses s\u00e9rieusement sans se prendre au s\u00e9rieux\u201d\",\"publisher\":{\"@id\":\"https:\\\/\\\/e-v-o.org\\\/#organization\"},\"potentialAction\":[{\"@type\":\"SearchAction\",\"target\":{\"@type\":\"EntryPoint\",\"urlTemplate\":\"https:\\\/\\\/e-v-o.org\\\/?s={search_term_string}\"},\"query-input\":{\"@type\":\"PropertyValueSpecification\",\"valueRequired\":true,\"valueName\":\"search_term_string\"}}],\"inLanguage\":\"fr-FR\"},{\"@type\":\"Organization\",\"@id\":\"https:\\\/\\\/e-v-o.org\\\/#organization\",\"name\":\"Equilibre Vertical Orl\u00e9ans\",\"url\":\"https:\\\/\\\/e-v-o.org\\\/\",\"logo\":{\"@type\":\"ImageObject\",\"inLanguage\":\"fr-FR\",\"@id\":\"https:\\\/\\\/e-v-o.org\\\/#\\\/schema\\\/logo\\\/image\\\/\",\"url\":\"https:\\\/\\\/i0.wp.com\\\/e-v-o.org\\\/wp-content\\\/uploads\\\/2019\\\/09\\\/Logo-EVO-2019-Officiel-2.png?fit=2277%2C1326&ssl=1\",\"contentUrl\":\"https:\\\/\\\/i0.wp.com\\\/e-v-o.org\\\/wp-content\\\/uploads\\\/2019\\\/09\\\/Logo-EVO-2019-Officiel-2.png?fit=2277%2C1326&ssl=1\",\"width\":2277,\"height\":1326,\"caption\":\"Equilibre Vertical Orl\u00e9ans\"},\"image\":{\"@id\":\"https:\\\/\\\/e-v-o.org\\\/#\\\/schema\\\/logo\\\/image\\\/\"},\"sameAs\":[\"https:\\\/\\\/www.facebook.com\\\/EquilibreVerticalOrleans\\\/\",\"https:\\\/\\\/www.instagram.com\\\/equilibreverticalorleans\\\/?hl=fr\"]}]}<\/script>\n<!-- \/ Yoast SEO plugin. -->","yoast_head_json":{"title":"Cr\u00e9neaux Familles\/Microbes - EVO - Club d&#039;Escalade","robots":{"index":"index","follow":"follow","max-snippet":"max-snippet:-1","max-image-preview":"max-image-preview:large","max-video-preview":"max-video-preview:-1"},"canonical":"https:\/\/e-v-o.org\/index.php\/creneaux-famille\/","og_locale":"fr_FR","og_type":"article","og_title":"Cr\u00e9neaux Familles\/Microbes - EVO - Club d&#039;Escalade","og_description":"Rdv le samedi 20 septembre 2025 pour le 1er cr\u00e9neaux Microbes\u00a0 Le cour \u00ab\u00a0Microbes\u00a0\u00bb permet aux enfants \u00e0 partir de 6 ans jusqu&rsquo;\u00e0 10 ans &hellip;","og_url":"https:\/\/e-v-o.org\/index.php\/creneaux-famille\/","og_site_name":"EVO - Club d&#039;Escalade","article_publisher":"https:\/\/www.facebook.com\/EquilibreVerticalOrleans\/","article_modified_time":"2025-09-05T18:17:54+00:00","og_image":[{"url":"https:\/\/e-v-o.org\/wp-content\/uploads\/2025\/06\/Horaire-microbe-2025.jpg","type":"","width":"","height":""}],"twitter_card":"summary_large_image","twitter_misc":{"Dur\u00e9e de lecture estim\u00e9e":"1 minute"},"schema":{"@context":"https:\/\/schema.org","@graph":[{"@type":"WebPage","@id":"https:\/\/e-v-o.org\/index.php\/creneaux-famille\/","url":"https:\/\/e-v-o.org\/index.php\/creneaux-famille\/","name":"Cr\u00e9neaux Familles\/Microbes - EVO - Club d&#039;Escalade","isPartOf":{"@id":"https:\/\/e-v-o.org\/#website"},"primaryImageOfPage":{"@id":"https:\/\/e-v-o.org\/index.php\/creneaux-famille\/#primaryimage"},"image":{"@id":"https:\/\/e-v-o.org\/index.php\/creneaux-famille\/#primaryimage"},"thumbnailUrl":"https:\/\/e-v-o.org\/wp-content\/uploads\/2025\/06\/Horaire-microbe-2025.jpg","datePublished":"2022-10-16T13:55:38+00:00","dateModified":"2025-09-05T18:17:54+00:00","breadcrumb":{"@id":"https:\/\/e-v-o.org\/index.php\/creneaux-famille\/#breadcrumb"},"inLanguage":"fr-FR","potentialAction":[{"@type":"ReadAction","target":["https:\/\/e-v-o.org\/index.php\/creneaux-famille\/"]}]},{"@type":"ImageObject","inLanguage":"fr-FR","@id":"https:\/\/e-v-o.org\/index.php\/creneaux-famille\/#primaryimage","url":"https:\/\/i0.wp.com\/e-v-o.org\/wp-content\/uploads\/2025\/06\/Horaire-microbe-2025.jpg?fit=627%2C145&ssl=1","contentUrl":"https:\/\/i0.wp.com\/e-v-o.org\/wp-content\/uploads\/2025\/06\/Horaire-microbe-2025.jpg?fit=627%2C145&ssl=1","width":627,"height":145},{"@type":"BreadcrumbList","@id":"https:\/\/e-v-o.org\/index.php\/creneaux-famille\/#breadcrumb","itemListElement":[{"@type":"ListItem","position":1,"name":"Accueil","item":"https:\/\/e-v-o.org\/"},{"@type":"ListItem","position":2,"name":"Cr\u00e9neaux Familles\/Microbes"}]},{"@type":"WebSite","@id":"https:\/\/e-v-o.org\/#website","url":"https:\/\/e-v-o.org\/","name":"EVO - Club d'escalade Orl\u00e9ans","description":"\u201cFaire les choses s\u00e9rieusement sans se prendre au s\u00e9rieux\u201d","publisher":{"@id":"https:\/\/e-v-o.org\/#organization"},"potentialAction":[{"@type":"SearchAction","target":{"@type":"EntryPoint","urlTemplate":"https:\/\/e-v-o.org\/?s={search_term_string}"},"query-input":{"@type":"PropertyValueSpecification","valueRequired":true,"valueName":"search_term_string"}}],"inLanguage":"fr-FR"},{"@type":"Organization","@id":"https:\/\/e-v-o.org\/#organization","name":"Equilibre Vertical Orl\u00e9ans","url":"https:\/\/e-v-o.org\/","logo":{"@type":"ImageObject","inLanguage":"fr-FR","@id":"https:\/\/e-v-o.org\/#\/schema\/logo\/image\/","url":"https:\/\/i0.wp.com\/e-v-o.org\/wp-content\/uploads\/2019\/09\/Logo-EVO-2019-Officiel-2.png?fit=2277%2C1326&ssl=1","contentUrl":"https:\/\/i0.wp.com\/e-v-o.org\/wp-content\/uploads\/2019\/09\/Logo-EVO-2019-Officiel-2.png?fit=2277%2C1326&ssl=1","width":2277,"height":1326,"caption":"Equilibre Vertical Orl\u00e9ans"},"image":{"@id":"https:\/\/e-v-o.org\/#\/schema\/logo\/image\/"},"sameAs":["https:\/\/www.facebook.com\/EquilibreVerticalOrleans\/","https:\/\/www.instagram.com\/equilibreverticalorleans\/?hl=fr"]}]}},"jetpack_sharing_enabled":true,"jetpack-related-posts":[{"id":1043,"url":"https:\/\/e-v-o.org\/index.php\/lieux-horaires-tarifs\/","url_meta":{"origin":1560,"position":0},"title":"Horaires et Lieux","author":"EVO","date":"30\/08\/2021","format":false,"excerpt":"Rdv le vendredi 19 septembre 2025 pour les nouveaux adh\u00e9rents autonomes Horaires Cliquez sur votre cat\u00e9gorie pour ouvrir les horaires Cr\u00e9neaux Adulte : Autonomes\/Comp\u00e9tition\/YogaCr\u00e9neaux JeunesCr\u00e9neaux Familles\/Microbes\u00a0 Lieux Gymnase Saint Marc 2 Place du Champs Saint Marc 45000 Orl\u00e9ans Gymnase Georges Chardon 1 rue des Roses45100 Orl\u00e9ans Gymnase Gaston Cout\u00e9 10\u2026","rel":"","context":"Article similaire","block_context":{"text":"Article similaire","link":""},"img":{"alt_text":"","src":"https:\/\/i0.wp.com\/e-v-o.org\/wp-content\/uploads\/2021\/08\/40247071_430055954065267_5932427099473182720_n-1024x576.jpg?resize=350%2C200&ssl=1","width":350,"height":200,"srcset":"https:\/\/i0.wp.com\/e-v-o.org\/wp-content\/uploads\/2021\/08\/40247071_430055954065267_5932427099473182720_n-1024x576.jpg?resize=350%2C200&ssl=1 1x, https:\/\/i0.wp.com\/e-v-o.org\/wp-content\/uploads\/2021\/08\/40247071_430055954065267_5932427099473182720_n-1024x576.jpg?resize=525%2C300&ssl=1 1.5x, https:\/\/i0.wp.com\/e-v-o.org\/wp-content\/uploads\/2021\/08\/40247071_430055954065267_5932427099473182720_n-1024x576.jpg?resize=700%2C400&ssl=1 2x"},"classes":[]},{"id":700,"url":"https:\/\/e-v-o.org\/index.php\/inscription\/","url_meta":{"origin":1560,"position":1},"title":"Inscription","author":"EVO","date":"06\/10\/2020","format":false,"excerpt":"Licenci\u00e9s 0 Attention ! Tout les groupes sont complets pour l\u2019ann\u00e9e 2024\/2025 Evo n'accepte plus de nouveaux menbres jusqu'\u00e0 l'ouverture des inscriptions pour l'ann\u00e9e 2025 \/2026 Inscription Pour les inscriptions de la saison 2025\/2026, envoyez-nous un mail \u00e0 partir du 1er juillet 2025 sur equilibreverticalorleans@gmail.com . Toutes les demandes seront\u2026","rel":"","context":"Article similaire","block_context":{"text":"Article similaire","link":""},"img":{"alt_text":"","src":"","width":0,"height":0},"classes":[]},{"id":1547,"url":"https:\/\/e-v-o.org\/index.php\/creneaux-jeunes\/","url_meta":{"origin":1560,"position":2},"title":"Cr\u00e9neaux jeunes","author":"EVO","date":"16\/10\/2022","format":false,"excerpt":"Nous proposons des cours destin\u00e9s aux mineurs.Le cours jeune est destin\u00e9 aux d\u00e9butants. Il permet de mettre les jeunes en situation et de d\u00e9couvrir l'escalade :D\u00e9couverte des n\u0153udsApprentissage des r\u00e8gles de s\u00e9curit\u00e9Apprentissage de l'assurageApprentissage de la grimpe en milieu artificielPrendre confianceAppr\u00e9hender le risque de chuteLe cours jeune performances est destin\u00e9\u2026","rel":"","context":"Article similaire","block_context":{"text":"Article similaire","link":""},"img":{"alt_text":"","src":"https:\/\/i0.wp.com\/e-v-o.org\/wp-content\/uploads\/2025\/06\/Horaire-jeune-2025-v2.jpg?resize=350%2C200&ssl=1","width":350,"height":200,"srcset":"https:\/\/i0.wp.com\/e-v-o.org\/wp-content\/uploads\/2025\/06\/Horaire-jeune-2025-v2.jpg?resize=350%2C200&ssl=1 1x, https:\/\/i0.wp.com\/e-v-o.org\/wp-content\/uploads\/2025\/06\/Horaire-jeune-2025-v2.jpg?resize=525%2C300&ssl=1 1.5x"},"classes":[]},{"id":1526,"url":"https:\/\/e-v-o.org\/index.php\/creneaux-autonomes\/","url_meta":{"origin":1560,"position":3},"title":"Cr\u00e9neaux autonomes","author":"EVO","date":"16\/10\/2022","format":false,"excerpt":"INFOS : pendant le d\u00e9but de la saison pour les nouveaux adh\u00e9rents aux club un cr\u00e9neau est r\u00e9serv\u00e9 afin d\u2019\u00e9valuer votre niveau\u00a0RDV : le 19 septembre 2025 Ce cr\u00e9neau est r\u00e9serv\u00e9 aux personnes consid\u00e9r\u00e9es comme autonomes.\u00a0Nous d\u00e9signons comme autonome quelqu'un qui\u00a0 :\u00a0 \u00a0 \u00a0- Sait assurer en moulinette et en\u2026","rel":"","context":"Article similaire","block_context":{"text":"Article similaire","link":""},"img":{"alt_text":"","src":"https:\/\/i0.wp.com\/e-v-o.org\/wp-content\/uploads\/2025\/09\/1Horaire-Autonome-2025.jpg?resize=350%2C200&ssl=1","width":350,"height":200},"classes":[]},{"id":1089,"url":"https:\/\/e-v-o.org\/","url_meta":{"origin":1560,"position":4},"title":"Accueil","author":"EVO","date":"31\/08\/2021","format":false,"excerpt":"Equilibre Vertical Orl\u00e9ans c'est... Plus de 180 grimpeurs \u00e9voluant dans une ambiance conviviale !Une vingtaine d'encadrants dipl\u00f4m\u00e9s pour proposer des s\u00e9ances d'entrainements, organiser des sorties en falaises, vous accompagner en comp\u00e9titions, et animer l'ann\u00e9e avec diff\u00e9rents \u00e9v\u00e8nements11 cr\u00e9neaux diff\u00e9rents sur la semaine, adapt\u00e9s \u00e0 tous les niveaux et tous les\u2026","rel":"","context":"Article similaire","block_context":{"text":"Article similaire","link":""},"img":{"alt_text":"WhatsApp Image 2023-09-10 \u00e0 19.14.59","src":"https:\/\/i0.wp.com\/e-v-o.org\/wp-content\/uploads\/2023\/09\/WhatsApp-Image-2023-09-10-a-19.14.59-200x300.jpg?resize=350%2C200&ssl=1","width":350,"height":200},"classes":[]},{"id":1281,"url":"https:\/\/e-v-o.org\/index.php\/organigramme\/","url_meta":{"origin":1560,"position":5},"title":"Le club","author":"EVO","date":"01\/09\/2022","format":false,"excerpt":"Cr\u00e9\u00e9 en 2018 par Chris, Loulou et Tam, EVO est devenu un incontournable sur le plan r\u00e9gional.\u00a0EVO c'est : 200 licenci\u00e9s, 3 salles pour pratiquer en difficult\u00e9 et en bloc, 19 encadrants, des sorties en falaises, des participations en comp\u00e9titions du niveau d\u00e9partemental au national, des cr\u00e9neaux adapt\u00e9s \u00e0 tout\u2026","rel":"","context":"Article similaire","block_context":{"text":"Article similaire","link":""},"img":{"alt_text":"","src":"https:\/\/i0.wp.com\/e-v-o.org\/wp-content\/uploads\/2022\/11\/00d8f8ad-66eb-44a8-b0bf-b8d2b17c4b41-766x1024.jpg?resize=350%2C200","width":350,"height":200,"srcset":"https:\/\/i0.wp.com\/e-v-o.org\/wp-content\/uploads\/2022\/11\/00d8f8ad-66eb-44a8-b0bf-b8d2b17c4b41-766x1024.jpg?resize=350%2C200 1x, https:\/\/i0.wp.com\/e-v-o.org\/wp-content\/uploads\/2022\/11\/00d8f8ad-66eb-44a8-b0bf-b8d2b17c4b41-766x1024.jpg?resize=525%2C300 1.5x, https:\/\/i0.wp.com\/e-v-o.org\/wp-content\/uploads\/2022\/11\/00d8f8ad-66eb-44a8-b0bf-b8d2b17c4b41-766x1024.jpg?resize=700%2C400 2x"},"classes":[]}],"_links":{"self":[{"href":"https:\/\/e-v-o.org\/index.php\/wp-json\/wp\/v2\/pages\/1560","targetHints":{"allow":["GET"]}}],"collection":[{"href":"https:\/\/e-v-o.org\/index.php\/wp-json\/wp\/v2\/pages"}],"about":[{"href":"https:\/\/e-v-o.org\/index.php\/wp-json\/wp\/v2\/types\/page"}],"author":[{"embeddable":true,"href":"https:\/\/e-v-o.org\/index.php\/wp-json\/wp\/v2\/users\/1"}],"replies":[{"embeddable":true,"href":"https:\/\/e-v-o.org\/index.php\/wp-json\/wp\/v2\/comments?post=1560"}],"version-history":[{"count":58,"href":"https:\/\/e-v-o.org\/index.php\/wp-json\/wp\/v2\/pages\/1560\/revisions"}],"predecessor-version":[{"id":4260,"href":"https:\/\/e-v-o.org\/index.php\/wp-json\/wp\/v2\/pages\/1560\/revisions\/4260"}],"wp:attachment":[{"href":"https:\/\/e-v-o.org\/index.php\/wp-json\/wp\/v2\/media?parent=1560"}],"curies":[{"name":"wp","href":"https:\/\/api.w.org\/{rel}","templated":true}]}}