{"id":1624,"date":"2022-10-19T17:50:33","date_gmt":"2022-10-19T15:50:33","guid":{"rendered":"https:\/\/e-v-o.org\/?page_id=1624"},"modified":"2025-06-24T11:09:48","modified_gmt":"2025-06-24T09:09:48","slug":"organigramme-2","status":"publish","type":"page","link":"https:\/\/e-v-o.org\/index.php\/organigramme-2\/","title":{"rendered":"Organigramme"},"content":{"rendered":"\t\t<div data-elementor-type=\"wp-page\" data-elementor-id=\"1624\" class=\"elementor elementor-1624\">\n\t\t\t\t\t\t<section class=\"elementor-section elementor-top-section elementor-element elementor-element-f9644c3 elementor-section-boxed elementor-section-height-default elementor-section-height-default\" data-id=\"f9644c3\" data-element_type=\"section\" data-e-type=\"section\">\n\t\t\t\t\t\t<div class=\"elementor-container elementor-column-gap-default\">\n\t\t\t\t\t<div class=\"elementor-column elementor-col-100 elementor-top-column elementor-element elementor-element-2033c35\" data-id=\"2033c35\" data-element_type=\"column\" data-e-type=\"column\">\n\t\t\t<div class=\"elementor-widget-wrap elementor-element-populated\">\n\t\t\t\t\t\t<div class=\"elementor-element elementor-element-beb4e3d elementor-widget elementor-widget-text-editor\" data-id=\"beb4e3d\" data-element_type=\"widget\" data-e-type=\"widget\" data-widget_type=\"text-editor.default\">\n\t\t\t\t<div class=\"elementor-widget-container\">\n\t\t\t\t\t\t\t\t\t<section style=\"--flex-direction: initial; --flex-wrap: initial; --justify-content: initial; --align-items: initial; --align-content: initial; --gap: initial; --flex-basis: initial; --flex-grow: initial; --flex-shrink: initial; --order: initial; --align-self: initial; flex-direction: var(--flex-direction); flex-wrap: var(--flex-wrap); -webkit-box-pack: var(--justify-content); justify-content: var(--justify-content); -webkit-box-align: var(--align-items); align-items: var(--align-items); align-content: var(--align-content); gap: var(--gap); flex-basis: var(--flex-basis); -webkit-box-flex: var(--flex-grow); flex-grow: var(--flex-grow); flex-shrink: var(--flex-shrink); -webkit-box-ordinal-group: var(--order); order: var(--order); align-self: var(--align-self); --widgets-spacing: 20px; color: #404040; font-family: 'Source Sans Pro', Graphik, -apple-system, BlinkMacSystemFont, 'Segoe UI', Roboto, Oxygen-Sans, Ubuntu, Cantarell, 'Helvetica Neue', sans-serif;\" data-id=\"fd0483a\" data-element_type=\"section\"><div><div style=\"width: 930.4px;\"><div style=\"--flex-direction: initial; --flex-wrap: initial; --justify-content: initial; --align-items: initial; --align-content: initial; --gap: initial; --flex-basis: initial; --flex-grow: initial; --flex-shrink: initial; --order: initial; --align-self: initial; flex-direction: var(--flex-direction); flex-wrap: var(--flex-wrap); -webkit-box-pack: var(--justify-content); justify-content: var(--justify-content); -webkit-box-align: var(--align-items); align-items: var(--align-items); align-content: var(--align-content); gap: var(--gap); flex-basis: var(--flex-basis); -webkit-box-flex: var(--flex-grow); flex-grow: var(--flex-grow); flex-shrink: var(--flex-shrink); -webkit-box-ordinal-group: var(--order); order: var(--order); align-self: var(--align-self); --widgets-spacing: 20px; width: 930.4px;\" data-id=\"f74b824\" data-element_type=\"column\"><div style=\"width: 930.4px;\"><div style=\"width: 930.4px;\"><div style=\"--flex-direction: initial; --flex-wrap: initial; --justify-content: initial; --align-items: initial; --align-content: initial; --gap: initial; --flex-basis: initial; --flex-grow: initial; --flex-shrink: initial; --order: initial; --align-self: initial; flex-direction: var(--flex-direction); flex-wrap: var(--flex-wrap); -webkit-box-pack: var(--justify-content); justify-content: var(--justify-content); -webkit-box-align: var(--align-items); align-items: var(--align-items); align-content: var(--align-content); gap: var(--gap); flex-basis: var(--flex-basis); -webkit-box-flex: var(--flex-grow); flex-grow: var(--flex-grow); flex-shrink: var(--flex-shrink); -webkit-box-ordinal-group: var(--order); order: var(--order); align-self: var(--align-self); --widgets-spacing: 20px; font-family: Roboto, sans-serif; font-weight: 400; width: 910.4px;\" data-id=\"b67d527\" data-element_type=\"widget\" data-widget_type=\"text-editor.default\"><div><div><p>L\u2019 \u00e9quipe est compos\u00e9e uniquement de b\u00e9n\u00e9voles, tous les encadrants sont au minimum titulaires du SAE .\u00a0<\/p><\/div><\/div><\/div><\/div><\/div><\/div><\/div><\/div><\/section><section style=\"--flex-direction: initial; --flex-wrap: initial; --justify-content: initial; --align-items: initial; --align-content: initial; --gap: initial; --flex-basis: initial; --flex-grow: initial; --flex-shrink: initial; --order: initial; --align-self: initial; flex-direction: var(--flex-direction); flex-wrap: var(--flex-wrap); -webkit-box-pack: var(--justify-content); justify-content: var(--justify-content); -webkit-box-align: var(--align-items); align-items: var(--align-items); align-content: var(--align-content); gap: var(--gap); flex-basis: var(--flex-basis); -webkit-box-flex: var(--flex-grow); flex-grow: var(--flex-grow); flex-shrink: var(--flex-shrink); -webkit-box-ordinal-group: var(--order); order: var(--order); align-self: var(--align-self); --widgets-spacing: 20px; color: #404040; font-family: 'Source Sans Pro', Graphik, -apple-system, BlinkMacSystemFont, 'Segoe UI', Roboto, Oxygen-Sans, Ubuntu, Cantarell, 'Helvetica Neue', sans-serif;\" data-id=\"7d0677f\" data-element_type=\"section\"><div><div style=\"width: 930.4px;\"><div style=\"--flex-direction: initial; --flex-wrap: initial; --justify-content: initial; --align-items: initial; --align-content: initial; --gap: initial; --flex-basis: initial; --flex-grow: initial; --flex-shrink: initial; --order: initial; --align-self: initial; flex-direction: var(--flex-direction); flex-wrap: var(--flex-wrap); -webkit-box-pack: var(--justify-content); justify-content: var(--justify-content); -webkit-box-align: var(--align-items); align-items: var(--align-items); align-content: var(--align-content); gap: var(--gap); flex-basis: var(--flex-basis); -webkit-box-flex: var(--flex-grow); flex-grow: var(--flex-grow); flex-shrink: var(--flex-shrink); -webkit-box-ordinal-group: var(--order); order: var(--order); align-self: var(--align-self); --widgets-spacing: 20px; width: 930.4px;\" data-id=\"f041836\" data-element_type=\"column\"><div style=\"width: 930.4px;\"><div style=\"width: 930.4px;\"><div style=\"--flex-direction: initial; --flex-wrap: initial; --justify-content: initial; --align-items: initial; --align-content: initial; --gap: initial; --flex-basis: initial; --flex-grow: initial; --flex-shrink: initial; --order: initial; --align-self: initial; flex-direction: var(--flex-direction); flex-wrap: var(--flex-wrap); -webkit-box-pack: var(--justify-content); justify-content: var(--justify-content); -webkit-box-align: var(--align-items); align-items: var(--align-items); align-content: var(--align-content); gap: var(--gap); flex-basis: var(--flex-basis); -webkit-box-flex: var(--flex-grow); flex-grow: var(--flex-grow); flex-shrink: var(--flex-shrink); -webkit-box-ordinal-group: var(--order); order: var(--order); align-self: var(--align-self); --widgets-spacing: 20px; width: 910.4px;\" data-id=\"3c7977a\" data-element_type=\"widget\" data-widget_type=\"image.default\"><div>\u00a0<\/div><\/div><\/div><\/div><\/div><\/div><\/div><\/section>\t\t\t\t\t\t\t\t<\/div>\n\t\t\t\t<\/div>\n\t\t\t\t<div class=\"elementor-element elementor-element-031bde1 elementor-widget elementor-widget-image\" data-id=\"031bde1\" data-element_type=\"widget\" data-e-type=\"widget\" data-widget_type=\"image.default\">\n\t\t\t\t<div class=\"elementor-widget-container\">\n\t\t\t\t\t\t\t\t\t\t\t\t\t\t\t<img fetchpriority=\"high\" decoding=\"async\" data-attachment-id=\"4161\" data-permalink=\"https:\/\/e-v-o.org\/index.php\/organigramme-2\/organigramme-bureau\/\" data-orig-file=\"https:\/\/i0.wp.com\/e-v-o.org\/wp-content\/uploads\/2025\/06\/Organigramme-bureau.jpg?fit=1024%2C768&amp;ssl=1\" data-orig-size=\"1024,768\" data-comments-opened=\"0\" data-image-meta=\"{&quot;aperture&quot;:&quot;0&quot;,&quot;credit&quot;:&quot;&quot;,&quot;camera&quot;:&quot;&quot;,&quot;caption&quot;:&quot;&quot;,&quot;created_timestamp&quot;:&quot;0&quot;,&quot;copyright&quot;:&quot;&quot;,&quot;focal_length&quot;:&quot;0&quot;,&quot;iso&quot;:&quot;0&quot;,&quot;shutter_speed&quot;:&quot;0&quot;,&quot;title&quot;:&quot;&quot;,&quot;orientation&quot;:&quot;1&quot;}\" data-image-title=\"Organigramme bureau\" data-image-description=\"\" data-image-caption=\"\" data-large-file=\"https:\/\/i0.wp.com\/e-v-o.org\/wp-content\/uploads\/2025\/06\/Organigramme-bureau.jpg?fit=1024%2C768&amp;ssl=1\" width=\"1024\" height=\"768\" src=\"https:\/\/i0.wp.com\/e-v-o.org\/wp-content\/uploads\/2025\/06\/Organigramme-bureau.jpg?fit=1024%2C768&amp;ssl=1\" class=\"attachment-large size-large wp-image-4161\" alt=\"\" srcset=\"https:\/\/i0.wp.com\/e-v-o.org\/wp-content\/uploads\/2025\/06\/Organigramme-bureau.jpg?w=1024&amp;ssl=1 1024w, https:\/\/i0.wp.com\/e-v-o.org\/wp-content\/uploads\/2025\/06\/Organigramme-bureau.jpg?resize=300%2C225&amp;ssl=1 300w, https:\/\/i0.wp.com\/e-v-o.org\/wp-content\/uploads\/2025\/06\/Organigramme-bureau.jpg?resize=768%2C576&amp;ssl=1 768w\" sizes=\"(max-width: 1024px) 100vw, 1024px\" data-attachment-id=\"4161\" data-permalink=\"https:\/\/e-v-o.org\/index.php\/organigramme-2\/organigramme-bureau\/\" data-orig-file=\"https:\/\/i0.wp.com\/e-v-o.org\/wp-content\/uploads\/2025\/06\/Organigramme-bureau.jpg?fit=1024%2C768&amp;ssl=1\" data-orig-size=\"1024,768\" data-comments-opened=\"0\" data-image-meta=\"{&quot;aperture&quot;:&quot;0&quot;,&quot;credit&quot;:&quot;&quot;,&quot;camera&quot;:&quot;&quot;,&quot;caption&quot;:&quot;&quot;,&quot;created_timestamp&quot;:&quot;0&quot;,&quot;copyright&quot;:&quot;&quot;,&quot;focal_length&quot;:&quot;0&quot;,&quot;iso&quot;:&quot;0&quot;,&quot;shutter_speed&quot;:&quot;0&quot;,&quot;title&quot;:&quot;&quot;,&quot;orientation&quot;:&quot;1&quot;}\" data-image-title=\"Organigramme bureau\" data-image-description=\"\" data-image-caption=\"\" data-large-file=\"https:\/\/i0.wp.com\/e-v-o.org\/wp-content\/uploads\/2025\/06\/Organigramme-bureau.jpg?fit=1024%2C768&amp;ssl=1\" \/>\t\t\t\t\t\t\t\t\t\t\t\t\t\t\t<\/div>\n\t\t\t\t<\/div>\n\t\t\t\t\t<\/div>\n\t\t<\/div>\n\t\t\t\t\t<\/div>\n\t\t<\/section>\n\t\t\t\t<\/div>\n\t\t","protected":false},"excerpt":{"rendered":"<p>L\u2019 \u00e9quipe est compos\u00e9e uniquement de b\u00e9n\u00e9voles, tous les encadrants sont au minimum titulaires du SAE .\u00a0 \u00a0<\/p>\n","protected":false},"author":1,"featured_media":0,"parent":0,"menu_order":0,"comment_status":"closed","ping_status":"closed","template":"","meta":{"ngg_post_thumbnail":0,"jetpack_post_was_ever_published":false,"footnotes":""},"class_list":["post-1624","page","type-page","status-publish","hentry"],"yoast_head":"<!-- This site is optimized with the Yoast SEO plugin v27.4 - https:\/\/yoast.com\/product\/yoast-seo-wordpress\/ -->\n<title>Organigramme - EVO - Club d&#039;Escalade<\/title>\n<meta name=\"robots\" content=\"index, follow, max-snippet:-1, max-image-preview:large, max-video-preview:-1\" \/>\n<link rel=\"canonical\" href=\"https:\/\/e-v-o.org\/index.php\/organigramme-2\/\" \/>\n<meta property=\"og:locale\" content=\"fr_FR\" \/>\n<meta property=\"og:type\" content=\"article\" \/>\n<meta property=\"og:title\" content=\"Organigramme - EVO - Club d&#039;Escalade\" \/>\n<meta property=\"og:description\" content=\"L\u2019 \u00e9quipe est compos\u00e9e uniquement de b\u00e9n\u00e9voles, tous les encadrants sont au minimum titulaires du SAE .\u00a0 \u00a0\" \/>\n<meta property=\"og:url\" content=\"https:\/\/e-v-o.org\/index.php\/organigramme-2\/\" \/>\n<meta property=\"og:site_name\" content=\"EVO - Club d&#039;Escalade\" \/>\n<meta property=\"article:publisher\" content=\"https:\/\/www.facebook.com\/EquilibreVerticalOrleans\/\" \/>\n<meta property=\"article:modified_time\" content=\"2025-06-24T09:09:48+00:00\" \/>\n<meta property=\"og:image\" content=\"https:\/\/e-v-o.org\/wp-content\/uploads\/2025\/06\/Organigramme-bureau.jpg\" \/>\n<meta name=\"twitter:card\" content=\"summary_large_image\" \/>\n<meta name=\"twitter:label1\" content=\"Dur\u00e9e de lecture estim\u00e9e\" \/>\n\t<meta name=\"twitter:data1\" content=\"1 minute\" \/>\n<script type=\"application\/ld+json\" class=\"yoast-schema-graph\">{\"@context\":\"https:\\\/\\\/schema.org\",\"@graph\":[{\"@type\":\"WebPage\",\"@id\":\"https:\\\/\\\/e-v-o.org\\\/index.php\\\/organigramme-2\\\/\",\"url\":\"https:\\\/\\\/e-v-o.org\\\/index.php\\\/organigramme-2\\\/\",\"name\":\"Organigramme - EVO - Club d&#039;Escalade\",\"isPartOf\":{\"@id\":\"https:\\\/\\\/e-v-o.org\\\/#website\"},\"primaryImageOfPage\":{\"@id\":\"https:\\\/\\\/e-v-o.org\\\/index.php\\\/organigramme-2\\\/#primaryimage\"},\"image\":{\"@id\":\"https:\\\/\\\/e-v-o.org\\\/index.php\\\/organigramme-2\\\/#primaryimage\"},\"thumbnailUrl\":\"https:\\\/\\\/e-v-o.org\\\/wp-content\\\/uploads\\\/2025\\\/06\\\/Organigramme-bureau.jpg\",\"datePublished\":\"2022-10-19T15:50:33+00:00\",\"dateModified\":\"2025-06-24T09:09:48+00:00\",\"breadcrumb\":{\"@id\":\"https:\\\/\\\/e-v-o.org\\\/index.php\\\/organigramme-2\\\/#breadcrumb\"},\"inLanguage\":\"fr-FR\",\"potentialAction\":[{\"@type\":\"ReadAction\",\"target\":[\"https:\\\/\\\/e-v-o.org\\\/index.php\\\/organigramme-2\\\/\"]}]},{\"@type\":\"ImageObject\",\"inLanguage\":\"fr-FR\",\"@id\":\"https:\\\/\\\/e-v-o.org\\\/index.php\\\/organigramme-2\\\/#primaryimage\",\"url\":\"https:\\\/\\\/i0.wp.com\\\/e-v-o.org\\\/wp-content\\\/uploads\\\/2025\\\/06\\\/Organigramme-bureau.jpg?fit=1024%2C768&ssl=1\",\"contentUrl\":\"https:\\\/\\\/i0.wp.com\\\/e-v-o.org\\\/wp-content\\\/uploads\\\/2025\\\/06\\\/Organigramme-bureau.jpg?fit=1024%2C768&ssl=1\",\"width\":1024,\"height\":768},{\"@type\":\"BreadcrumbList\",\"@id\":\"https:\\\/\\\/e-v-o.org\\\/index.php\\\/organigramme-2\\\/#breadcrumb\",\"itemListElement\":[{\"@type\":\"ListItem\",\"position\":1,\"name\":\"Accueil\",\"item\":\"https:\\\/\\\/e-v-o.org\\\/\"},{\"@type\":\"ListItem\",\"position\":2,\"name\":\"Organigramme\"}]},{\"@type\":\"WebSite\",\"@id\":\"https:\\\/\\\/e-v-o.org\\\/#website\",\"url\":\"https:\\\/\\\/e-v-o.org\\\/\",\"name\":\"EVO - Club d'escalade Orl\u00e9ans\",\"description\":\"\u201cFaire les choses s\u00e9rieusement sans se prendre au s\u00e9rieux\u201d\",\"publisher\":{\"@id\":\"https:\\\/\\\/e-v-o.org\\\/#organization\"},\"potentialAction\":[{\"@type\":\"SearchAction\",\"target\":{\"@type\":\"EntryPoint\",\"urlTemplate\":\"https:\\\/\\\/e-v-o.org\\\/?s={search_term_string}\"},\"query-input\":{\"@type\":\"PropertyValueSpecification\",\"valueRequired\":true,\"valueName\":\"search_term_string\"}}],\"inLanguage\":\"fr-FR\"},{\"@type\":\"Organization\",\"@id\":\"https:\\\/\\\/e-v-o.org\\\/#organization\",\"name\":\"Equilibre Vertical Orl\u00e9ans\",\"url\":\"https:\\\/\\\/e-v-o.org\\\/\",\"logo\":{\"@type\":\"ImageObject\",\"inLanguage\":\"fr-FR\",\"@id\":\"https:\\\/\\\/e-v-o.org\\\/#\\\/schema\\\/logo\\\/image\\\/\",\"url\":\"https:\\\/\\\/i0.wp.com\\\/e-v-o.org\\\/wp-content\\\/uploads\\\/2019\\\/09\\\/Logo-EVO-2019-Officiel-2.png?fit=2277%2C1326&ssl=1\",\"contentUrl\":\"https:\\\/\\\/i0.wp.com\\\/e-v-o.org\\\/wp-content\\\/uploads\\\/2019\\\/09\\\/Logo-EVO-2019-Officiel-2.png?fit=2277%2C1326&ssl=1\",\"width\":2277,\"height\":1326,\"caption\":\"Equilibre Vertical Orl\u00e9ans\"},\"image\":{\"@id\":\"https:\\\/\\\/e-v-o.org\\\/#\\\/schema\\\/logo\\\/image\\\/\"},\"sameAs\":[\"https:\\\/\\\/www.facebook.com\\\/EquilibreVerticalOrleans\\\/\",\"https:\\\/\\\/www.instagram.com\\\/equilibreverticalorleans\\\/?hl=fr\"]}]}<\/script>\n<!-- \/ Yoast SEO plugin. -->","yoast_head_json":{"title":"Organigramme - EVO - Club d&#039;Escalade","robots":{"index":"index","follow":"follow","max-snippet":"max-snippet:-1","max-image-preview":"max-image-preview:large","max-video-preview":"max-video-preview:-1"},"canonical":"https:\/\/e-v-o.org\/index.php\/organigramme-2\/","og_locale":"fr_FR","og_type":"article","og_title":"Organigramme - EVO - Club d&#039;Escalade","og_description":"L\u2019 \u00e9quipe est compos\u00e9e uniquement de b\u00e9n\u00e9voles, tous les encadrants sont au minimum titulaires du SAE .\u00a0 \u00a0","og_url":"https:\/\/e-v-o.org\/index.php\/organigramme-2\/","og_site_name":"EVO - Club d&#039;Escalade","article_publisher":"https:\/\/www.facebook.com\/EquilibreVerticalOrleans\/","article_modified_time":"2025-06-24T09:09:48+00:00","og_image":[{"url":"https:\/\/e-v-o.org\/wp-content\/uploads\/2025\/06\/Organigramme-bureau.jpg","type":"","width":"","height":""}],"twitter_card":"summary_large_image","twitter_misc":{"Dur\u00e9e de lecture estim\u00e9e":"1 minute"},"schema":{"@context":"https:\/\/schema.org","@graph":[{"@type":"WebPage","@id":"https:\/\/e-v-o.org\/index.php\/organigramme-2\/","url":"https:\/\/e-v-o.org\/index.php\/organigramme-2\/","name":"Organigramme - EVO - Club d&#039;Escalade","isPartOf":{"@id":"https:\/\/e-v-o.org\/#website"},"primaryImageOfPage":{"@id":"https:\/\/e-v-o.org\/index.php\/organigramme-2\/#primaryimage"},"image":{"@id":"https:\/\/e-v-o.org\/index.php\/organigramme-2\/#primaryimage"},"thumbnailUrl":"https:\/\/e-v-o.org\/wp-content\/uploads\/2025\/06\/Organigramme-bureau.jpg","datePublished":"2022-10-19T15:50:33+00:00","dateModified":"2025-06-24T09:09:48+00:00","breadcrumb":{"@id":"https:\/\/e-v-o.org\/index.php\/organigramme-2\/#breadcrumb"},"inLanguage":"fr-FR","potentialAction":[{"@type":"ReadAction","target":["https:\/\/e-v-o.org\/index.php\/organigramme-2\/"]}]},{"@type":"ImageObject","inLanguage":"fr-FR","@id":"https:\/\/e-v-o.org\/index.php\/organigramme-2\/#primaryimage","url":"https:\/\/i0.wp.com\/e-v-o.org\/wp-content\/uploads\/2025\/06\/Organigramme-bureau.jpg?fit=1024%2C768&ssl=1","contentUrl":"https:\/\/i0.wp.com\/e-v-o.org\/wp-content\/uploads\/2025\/06\/Organigramme-bureau.jpg?fit=1024%2C768&ssl=1","width":1024,"height":768},{"@type":"BreadcrumbList","@id":"https:\/\/e-v-o.org\/index.php\/organigramme-2\/#breadcrumb","itemListElement":[{"@type":"ListItem","position":1,"name":"Accueil","item":"https:\/\/e-v-o.org\/"},{"@type":"ListItem","position":2,"name":"Organigramme"}]},{"@type":"WebSite","@id":"https:\/\/e-v-o.org\/#website","url":"https:\/\/e-v-o.org\/","name":"EVO - Club d'escalade Orl\u00e9ans","description":"\u201cFaire les choses s\u00e9rieusement sans se prendre au s\u00e9rieux\u201d","publisher":{"@id":"https:\/\/e-v-o.org\/#organization"},"potentialAction":[{"@type":"SearchAction","target":{"@type":"EntryPoint","urlTemplate":"https:\/\/e-v-o.org\/?s={search_term_string}"},"query-input":{"@type":"PropertyValueSpecification","valueRequired":true,"valueName":"search_term_string"}}],"inLanguage":"fr-FR"},{"@type":"Organization","@id":"https:\/\/e-v-o.org\/#organization","name":"Equilibre Vertical Orl\u00e9ans","url":"https:\/\/e-v-o.org\/","logo":{"@type":"ImageObject","inLanguage":"fr-FR","@id":"https:\/\/e-v-o.org\/#\/schema\/logo\/image\/","url":"https:\/\/i0.wp.com\/e-v-o.org\/wp-content\/uploads\/2019\/09\/Logo-EVO-2019-Officiel-2.png?fit=2277%2C1326&ssl=1","contentUrl":"https:\/\/i0.wp.com\/e-v-o.org\/wp-content\/uploads\/2019\/09\/Logo-EVO-2019-Officiel-2.png?fit=2277%2C1326&ssl=1","width":2277,"height":1326,"caption":"Equilibre Vertical Orl\u00e9ans"},"image":{"@id":"https:\/\/e-v-o.org\/#\/schema\/logo\/image\/"},"sameAs":["https:\/\/www.facebook.com\/EquilibreVerticalOrleans\/","https:\/\/www.instagram.com\/equilibreverticalorleans\/?hl=fr"]}]}},"jetpack_sharing_enabled":true,"jetpack-related-posts":[{"id":1281,"url":"https:\/\/e-v-o.org\/index.php\/organigramme\/","url_meta":{"origin":1624,"position":0},"title":"Le club","author":"EVO","date":"01\/09\/2022","format":false,"excerpt":"Cr\u00e9\u00e9 en 2018 par Chris, Loulou et Tam, EVO est devenu un incontournable sur le plan r\u00e9gional.\u00a0EVO c'est : 200 licenci\u00e9s, 3 salles pour pratiquer en difficult\u00e9 et en bloc, 19 encadrants, des sorties en falaises, des participations en comp\u00e9titions du niveau d\u00e9partemental au national, des cr\u00e9neaux adapt\u00e9s \u00e0 tout\u2026","rel":"","context":"Article similaire","block_context":{"text":"Article similaire","link":""},"img":{"alt_text":"","src":"https:\/\/i0.wp.com\/e-v-o.org\/wp-content\/uploads\/2022\/11\/00d8f8ad-66eb-44a8-b0bf-b8d2b17c4b41-766x1024.jpg?resize=350%2C200","width":350,"height":200,"srcset":"https:\/\/i0.wp.com\/e-v-o.org\/wp-content\/uploads\/2022\/11\/00d8f8ad-66eb-44a8-b0bf-b8d2b17c4b41-766x1024.jpg?resize=350%2C200 1x, https:\/\/i0.wp.com\/e-v-o.org\/wp-content\/uploads\/2022\/11\/00d8f8ad-66eb-44a8-b0bf-b8d2b17c4b41-766x1024.jpg?resize=525%2C300 1.5x, https:\/\/i0.wp.com\/e-v-o.org\/wp-content\/uploads\/2022\/11\/00d8f8ad-66eb-44a8-b0bf-b8d2b17c4b41-766x1024.jpg?resize=700%2C400 2x"},"classes":[]},{"id":1334,"url":"https:\/\/e-v-o.org\/index.php\/evo-en-falaises\/","url_meta":{"origin":1624,"position":1},"title":"EVO en falaises","author":"EVO","date":"14\/10\/2022","format":false,"excerpt":"Sortie en Bourgogne pour les grimpeurs d'EVO Cette ann\u00e9e, ce sont une vingtaine d'adultes, d\u00e9butants et confirm\u00e9s, qui ont pu profiter des falaises bourgignone le temps d'un weekend. Les jeunes en falaises en Bourgogne Pendant 4 jours, 15 jeunes accomapgn\u00e9s par des encadrants b\u00e9n\u00e9voles, sont all\u00e9s tater du cailloux \u00e0\u2026","rel":"","context":"Article similaire","block_context":{"text":"Article similaire","link":""},"img":{"alt_text":"","src":"https:\/\/i0.wp.com\/e-v-o.org\/wp-content\/uploads\/2022\/10\/IMG_5452.jpg?resize=350%2C200&ssl=1","width":350,"height":200,"srcset":"https:\/\/i0.wp.com\/e-v-o.org\/wp-content\/uploads\/2022\/10\/IMG_5452.jpg?resize=350%2C200&ssl=1 1x, https:\/\/i0.wp.com\/e-v-o.org\/wp-content\/uploads\/2022\/10\/IMG_5452.jpg?resize=525%2C300&ssl=1 1.5x, https:\/\/i0.wp.com\/e-v-o.org\/wp-content\/uploads\/2022\/10\/IMG_5452.jpg?resize=700%2C400&ssl=1 2x"},"classes":[]},{"id":700,"url":"https:\/\/e-v-o.org\/index.php\/inscription\/","url_meta":{"origin":1624,"position":2},"title":"Inscription","author":"EVO","date":"06\/10\/2020","format":false,"excerpt":"Licenci\u00e9s 0 Attention ! Tout les groupes sont complets pour l\u2019ann\u00e9e 2024\/2025 Evo n'accepte plus de nouveaux menbres jusqu'\u00e0 l'ouverture des inscriptions pour l'ann\u00e9e 2025 \/2026 Inscription Pour les inscriptions de la saison 2025\/2026, envoyez-nous un mail \u00e0 partir du 1er juillet 2025 sur equilibreverticalorleans@gmail.com . Toutes les demandes seront\u2026","rel":"","context":"Article similaire","block_context":{"text":"Article similaire","link":""},"img":{"alt_text":"","src":"","width":0,"height":0},"classes":[]},{"id":1089,"url":"https:\/\/e-v-o.org\/","url_meta":{"origin":1624,"position":3},"title":"Accueil","author":"EVO","date":"31\/08\/2021","format":false,"excerpt":"Equilibre Vertical Orl\u00e9ans c'est... Plus de 180 grimpeurs \u00e9voluant dans une ambiance conviviale !Une vingtaine d'encadrants dipl\u00f4m\u00e9s pour proposer des s\u00e9ances d'entrainements, organiser des sorties en falaises, vous accompagner en comp\u00e9titions, et animer l'ann\u00e9e avec diff\u00e9rents \u00e9v\u00e8nements11 cr\u00e9neaux diff\u00e9rents sur la semaine, adapt\u00e9s \u00e0 tous les niveaux et tous les\u2026","rel":"","context":"Article similaire","block_context":{"text":"Article similaire","link":""},"img":{"alt_text":"WhatsApp Image 2023-09-10 \u00e0 19.14.59","src":"https:\/\/i0.wp.com\/e-v-o.org\/wp-content\/uploads\/2023\/09\/WhatsApp-Image-2023-09-10-a-19.14.59-200x300.jpg?resize=350%2C200&ssl=1","width":350,"height":200},"classes":[]},{"id":1526,"url":"https:\/\/e-v-o.org\/index.php\/creneaux-autonomes\/","url_meta":{"origin":1624,"position":4},"title":"Cr\u00e9neaux autonomes","author":"EVO","date":"16\/10\/2022","format":false,"excerpt":"INFOS : pendant le d\u00e9but de la saison pour les nouveaux adh\u00e9rents aux club un cr\u00e9neau est r\u00e9serv\u00e9 afin d\u2019\u00e9valuer votre niveau\u00a0RDV : le 19 septembre 2025 Ce cr\u00e9neau est r\u00e9serv\u00e9 aux personnes consid\u00e9r\u00e9es comme autonomes.\u00a0Nous d\u00e9signons comme autonome quelqu'un qui\u00a0 :\u00a0 \u00a0 \u00a0- Sait assurer en moulinette et en\u2026","rel":"","context":"Article similaire","block_context":{"text":"Article similaire","link":""},"img":{"alt_text":"","src":"https:\/\/i0.wp.com\/e-v-o.org\/wp-content\/uploads\/2025\/09\/1Horaire-Autonome-2025.jpg?resize=350%2C200&ssl=1","width":350,"height":200},"classes":[]},{"id":1633,"url":"https:\/\/e-v-o.org\/index.php\/lespace-licencie\/","url_meta":{"origin":1624,"position":5},"title":"L&rsquo;espace licenci\u00e9","author":"EVO","date":"19\/10\/2022","format":false,"excerpt":"Cliquez ici Suite \u00e0 votre inscription, la FFME vous transmet par mail votre num\u00e9ro de licenci\u00e9 et vos codes permettant d'acc\u00e9der \u00e0 votre espace licenci\u00e9 myFFME. Gardez-les pr\u00e9cieusement ! Le certificat m\u00e9dical Il est n\u00e9cessaire de t\u00e9l\u00e9verser le certificat m\u00e9dical dans votre espace licenci\u00e9 FFME. Pour cela, rendez-vous dans la\u2026","rel":"","context":"Article similaire","block_context":{"text":"Article similaire","link":""},"img":{"alt_text":"","src":"https:\/\/i0.wp.com\/e-v-o.org\/wp-content\/uploads\/2022\/10\/top_licencie.jpg?resize=350%2C200&ssl=1","width":350,"height":200,"srcset":"https:\/\/i0.wp.com\/e-v-o.org\/wp-content\/uploads\/2022\/10\/top_licencie.jpg?resize=350%2C200&ssl=1 1x, https:\/\/i0.wp.com\/e-v-o.org\/wp-content\/uploads\/2022\/10\/top_licencie.jpg?resize=525%2C300&ssl=1 1.5x, https:\/\/i0.wp.com\/e-v-o.org\/wp-content\/uploads\/2022\/10\/top_licencie.jpg?resize=700%2C400&ssl=1 2x"},"classes":[]}],"_links":{"self":[{"href":"https:\/\/e-v-o.org\/index.php\/wp-json\/wp\/v2\/pages\/1624","targetHints":{"allow":["GET"]}}],"collection":[{"href":"https:\/\/e-v-o.org\/index.php\/wp-json\/wp\/v2\/pages"}],"about":[{"href":"https:\/\/e-v-o.org\/index.php\/wp-json\/wp\/v2\/types\/page"}],"author":[{"embeddable":true,"href":"https:\/\/e-v-o.org\/index.php\/wp-json\/wp\/v2\/users\/1"}],"replies":[{"embeddable":true,"href":"https:\/\/e-v-o.org\/index.php\/wp-json\/wp\/v2\/comments?post=1624"}],"version-history":[{"count":22,"href":"https:\/\/e-v-o.org\/index.php\/wp-json\/wp\/v2\/pages\/1624\/revisions"}],"predecessor-version":[{"id":4164,"href":"https:\/\/e-v-o.org\/index.php\/wp-json\/wp\/v2\/pages\/1624\/revisions\/4164"}],"wp:attachment":[{"href":"https:\/\/e-v-o.org\/index.php\/wp-json\/wp\/v2\/media?parent=1624"}],"curies":[{"name":"wp","href":"https:\/\/api.w.org\/{rel}","templated":true}]}}