{"id":3838,"date":"2025-01-14T11:47:46","date_gmt":"2025-01-14T10:47:46","guid":{"rendered":"https:\/\/e-v-o.org\/?page_id=3838"},"modified":"2025-01-14T11:55:29","modified_gmt":"2025-01-14T10:55:29","slug":"competitions-de-bloc-2024-2025","status":"publish","type":"page","link":"https:\/\/e-v-o.org\/index.php\/competitions-de-bloc-2024-2025\/","title":{"rendered":"Comp\u00e9titions de bloc 2024 2025"},"content":{"rendered":"\t\t<div data-elementor-type=\"wp-page\" data-elementor-id=\"3838\" class=\"elementor elementor-3838\">\n\t\t\t\t\t\t<section class=\"elementor-section elementor-top-section elementor-element elementor-element-9243d3f elementor-section-boxed elementor-section-height-default elementor-section-height-default\" data-id=\"9243d3f\" data-element_type=\"section\" data-e-type=\"section\">\n\t\t\t\t\t\t<div class=\"elementor-container elementor-column-gap-default\">\n\t\t\t\t\t<div class=\"elementor-column elementor-col-100 elementor-top-column elementor-element elementor-element-5425cb1\" data-id=\"5425cb1\" data-element_type=\"column\" data-e-type=\"column\">\n\t\t\t<div class=\"elementor-widget-wrap elementor-element-populated\">\n\t\t\t\t\t\t<div class=\"elementor-element elementor-element-b761bd6 elementor-widget elementor-widget-heading\" data-id=\"b761bd6\" data-element_type=\"widget\" data-e-type=\"widget\" data-widget_type=\"heading.default\">\n\t\t\t\t<div class=\"elementor-widget-container\">\n\t\t\t\t\t<h2 class=\"elementor-heading-title elementor-size-default\">Championnat d\u00e9partemental \u00e0 Chartres<\/h2>\t\t\t\t<\/div>\n\t\t\t\t<\/div>\n\t\t\t\t\t<\/div>\n\t\t<\/div>\n\t\t\t\t\t<\/div>\n\t\t<\/section>\n\t\t\t\t<section class=\"elementor-section elementor-top-section elementor-element elementor-element-cb76dbd elementor-section-boxed elementor-section-height-default elementor-section-height-default\" data-id=\"cb76dbd\" data-element_type=\"section\" data-e-type=\"section\">\n\t\t\t\t\t\t<div class=\"elementor-container elementor-column-gap-default\">\n\t\t\t\t\t<div class=\"elementor-column elementor-col-50 elementor-top-column elementor-element elementor-element-b3f7165\" data-id=\"b3f7165\" data-element_type=\"column\" data-e-type=\"column\">\n\t\t\t<div class=\"elementor-widget-wrap elementor-element-populated\">\n\t\t\t\t\t\t<div class=\"elementor-element elementor-element-06045fb elementor-widget elementor-widget-image\" data-id=\"06045fb\" data-element_type=\"widget\" data-e-type=\"widget\" data-widget_type=\"image.default\">\n\t\t\t\t<div class=\"elementor-widget-container\">\n\t\t\t\t\t\t\t\t\t\t\t\t\t\t\t<img data-recalc-dims=\"1\" decoding=\"async\" src=\"https:\/\/i0.wp.com\/e-v-o.org\/wp-content\/plugins\/elementor\/assets\/images\/placeholder.png?w=1200&#038;ssl=1\" title=\"\" alt=\"\" loading=\"lazy\" \/>\t\t\t\t\t\t\t\t\t\t\t\t\t\t\t<\/div>\n\t\t\t\t<\/div>\n\t\t\t\t<div class=\"elementor-element elementor-element-b5b9afc elementor-widget elementor-widget-image\" data-id=\"b5b9afc\" data-element_type=\"widget\" data-e-type=\"widget\" data-widget_type=\"image.default\">\n\t\t\t\t<div class=\"elementor-widget-container\">\n\t\t\t\t\t\t\t\t\t\t\t\t\t\t\t<img data-recalc-dims=\"1\" decoding=\"async\" src=\"https:\/\/i0.wp.com\/e-v-o.org\/wp-content\/plugins\/elementor\/assets\/images\/placeholder.png?w=1200&#038;ssl=1\" title=\"\" alt=\"\" loading=\"lazy\" \/>\t\t\t\t\t\t\t\t\t\t\t\t\t\t\t<\/div>\n\t\t\t\t<\/div>\n\t\t\t\t<div class=\"elementor-element elementor-element-2ec2917 elementor-widget elementor-widget-image\" data-id=\"2ec2917\" data-element_type=\"widget\" data-e-type=\"widget\" data-widget_type=\"image.default\">\n\t\t\t\t<div class=\"elementor-widget-container\">\n\t\t\t\t\t\t\t\t\t\t\t\t\t\t\t<img data-recalc-dims=\"1\" decoding=\"async\" src=\"https:\/\/i0.wp.com\/e-v-o.org\/wp-content\/plugins\/elementor\/assets\/images\/placeholder.png?w=1200&#038;ssl=1\" title=\"\" alt=\"\" loading=\"lazy\" \/>\t\t\t\t\t\t\t\t\t\t\t\t\t\t\t<\/div>\n\t\t\t\t<\/div>\n\t\t\t\t<div class=\"elementor-element elementor-element-27c76b0 elementor-widget elementor-widget-image\" data-id=\"27c76b0\" data-element_type=\"widget\" data-e-type=\"widget\" data-widget_type=\"image.default\">\n\t\t\t\t<div class=\"elementor-widget-container\">\n\t\t\t\t\t\t\t\t\t\t\t\t\t\t\t<img data-recalc-dims=\"1\" decoding=\"async\" src=\"https:\/\/i0.wp.com\/e-v-o.org\/wp-content\/plugins\/elementor\/assets\/images\/placeholder.png?w=1200&#038;ssl=1\" title=\"\" alt=\"\" loading=\"lazy\" \/>\t\t\t\t\t\t\t\t\t\t\t\t\t\t\t<\/div>\n\t\t\t\t<\/div>\n\t\t\t\t<div class=\"elementor-element elementor-element-b37cc61 elementor-widget elementor-widget-image\" data-id=\"b37cc61\" data-element_type=\"widget\" data-e-type=\"widget\" data-widget_type=\"image.default\">\n\t\t\t\t<div class=\"elementor-widget-container\">\n\t\t\t\t\t\t\t\t\t\t\t\t\t\t\t<img data-recalc-dims=\"1\" decoding=\"async\" src=\"https:\/\/i0.wp.com\/e-v-o.org\/wp-content\/plugins\/elementor\/assets\/images\/placeholder.png?w=1200&#038;ssl=1\" title=\"\" alt=\"\" loading=\"lazy\" \/>\t\t\t\t\t\t\t\t\t\t\t\t\t\t\t<\/div>\n\t\t\t\t<\/div>\n\t\t\t\t<div class=\"elementor-element elementor-element-17a6a0a elementor-widget elementor-widget-image\" data-id=\"17a6a0a\" data-element_type=\"widget\" data-e-type=\"widget\" data-widget_type=\"image.default\">\n\t\t\t\t<div class=\"elementor-widget-container\">\n\t\t\t\t\t\t\t\t\t\t\t\t\t\t\t<img data-recalc-dims=\"1\" decoding=\"async\" src=\"https:\/\/i0.wp.com\/e-v-o.org\/wp-content\/plugins\/elementor\/assets\/images\/placeholder.png?w=1200&#038;ssl=1\" title=\"\" alt=\"\" loading=\"lazy\" \/>\t\t\t\t\t\t\t\t\t\t\t\t\t\t\t<\/div>\n\t\t\t\t<\/div>\n\t\t\t\t<div class=\"elementor-element elementor-element-4594de5 elementor-widget elementor-widget-image\" data-id=\"4594de5\" data-element_type=\"widget\" data-e-type=\"widget\" data-widget_type=\"image.default\">\n\t\t\t\t<div class=\"elementor-widget-container\">\n\t\t\t\t\t\t\t\t\t\t\t\t\t\t\t<img data-recalc-dims=\"1\" decoding=\"async\" src=\"https:\/\/i0.wp.com\/e-v-o.org\/wp-content\/plugins\/elementor\/assets\/images\/placeholder.png?w=1200&#038;ssl=1\" title=\"\" alt=\"\" loading=\"lazy\" \/>\t\t\t\t\t\t\t\t\t\t\t\t\t\t\t<\/div>\n\t\t\t\t<\/div>\n\t\t\t\t<div class=\"elementor-element elementor-element-bf3f229 elementor-widget elementor-widget-image\" data-id=\"bf3f229\" data-element_type=\"widget\" data-e-type=\"widget\" data-widget_type=\"image.default\">\n\t\t\t\t<div class=\"elementor-widget-container\">\n\t\t\t\t\t\t\t\t\t\t\t\t\t\t\t<img data-recalc-dims=\"1\" decoding=\"async\" src=\"https:\/\/i0.wp.com\/e-v-o.org\/wp-content\/plugins\/elementor\/assets\/images\/placeholder.png?w=1200&#038;ssl=1\" title=\"\" alt=\"\" loading=\"lazy\" \/>\t\t\t\t\t\t\t\t\t\t\t\t\t\t\t<\/div>\n\t\t\t\t<\/div>\n\t\t\t\t<div class=\"elementor-element elementor-element-f5ca7bf elementor-widget elementor-widget-image\" data-id=\"f5ca7bf\" data-element_type=\"widget\" data-e-type=\"widget\" data-widget_type=\"image.default\">\n\t\t\t\t<div class=\"elementor-widget-container\">\n\t\t\t\t\t\t\t\t\t\t\t\t\t\t\t<img data-recalc-dims=\"1\" decoding=\"async\" src=\"https:\/\/i0.wp.com\/e-v-o.org\/wp-content\/plugins\/elementor\/assets\/images\/placeholder.png?w=1200&#038;ssl=1\" title=\"\" alt=\"\" loading=\"lazy\" \/>\t\t\t\t\t\t\t\t\t\t\t\t\t\t\t<\/div>\n\t\t\t\t<\/div>\n\t\t\t\t\t<\/div>\n\t\t<\/div>\n\t\t\t\t<div class=\"elementor-column elementor-col-50 elementor-top-column elementor-element elementor-element-1ca6e51\" data-id=\"1ca6e51\" data-element_type=\"column\" data-e-type=\"column\">\n\t\t\t<div class=\"elementor-widget-wrap\">\n\t\t\t\t\t\t\t<\/div>\n\t\t<\/div>\n\t\t\t\t\t<\/div>\n\t\t<\/section>\n\t\t\t\t<\/div>\n\t\t","protected":false},"excerpt":{"rendered":"<p>Championnat d\u00e9partemental \u00e0 Chartres<\/p>\n","protected":false},"author":1,"featured_media":0,"parent":0,"menu_order":0,"comment_status":"closed","ping_status":"closed","template":"","meta":{"ngg_post_thumbnail":0,"jetpack_post_was_ever_published":false,"footnotes":""},"class_list":["post-3838","page","type-page","status-publish","hentry"],"yoast_head":"<!-- This site is optimized with the Yoast SEO plugin v27.5 - https:\/\/yoast.com\/product\/yoast-seo-wordpress\/ -->\n<title>Comp\u00e9titions de bloc 2024 2025 - EVO - Club d&#039;Escalade<\/title>\n<meta name=\"robots\" content=\"index, follow, max-snippet:-1, max-image-preview:large, max-video-preview:-1\" \/>\n<link rel=\"canonical\" href=\"https:\/\/e-v-o.org\/index.php\/competitions-de-bloc-2024-2025\/\" \/>\n<meta property=\"og:locale\" content=\"fr_FR\" \/>\n<meta property=\"og:type\" content=\"article\" \/>\n<meta property=\"og:title\" content=\"Comp\u00e9titions de bloc 2024 2025 - EVO - Club d&#039;Escalade\" \/>\n<meta property=\"og:description\" content=\"Championnat d\u00e9partemental \u00e0 Chartres\" \/>\n<meta property=\"og:url\" content=\"https:\/\/e-v-o.org\/index.php\/competitions-de-bloc-2024-2025\/\" \/>\n<meta property=\"og:site_name\" content=\"EVO - Club d&#039;Escalade\" \/>\n<meta property=\"article:publisher\" content=\"https:\/\/www.facebook.com\/EquilibreVerticalOrleans\/\" \/>\n<meta property=\"article:modified_time\" content=\"2025-01-14T10:55:29+00:00\" \/>\n<meta property=\"og:image\" content=\"https:\/\/e-v-o.org\/wp-content\/plugins\/elementor\/assets\/images\/placeholder.png\" \/>\n<meta name=\"twitter:card\" content=\"summary_large_image\" \/>\n<meta name=\"twitter:label1\" content=\"Dur\u00e9e de lecture estim\u00e9e\" \/>\n\t<meta name=\"twitter:data1\" content=\"2 minutes\" \/>\n<script type=\"application\/ld+json\" class=\"yoast-schema-graph\">{\"@context\":\"https:\\\/\\\/schema.org\",\"@graph\":[{\"@type\":\"WebPage\",\"@id\":\"https:\\\/\\\/e-v-o.org\\\/index.php\\\/competitions-de-bloc-2024-2025\\\/\",\"url\":\"https:\\\/\\\/e-v-o.org\\\/index.php\\\/competitions-de-bloc-2024-2025\\\/\",\"name\":\"Comp\u00e9titions de bloc 2024 2025 - EVO - Club d&#039;Escalade\",\"isPartOf\":{\"@id\":\"https:\\\/\\\/e-v-o.org\\\/#website\"},\"primaryImageOfPage\":{\"@id\":\"https:\\\/\\\/e-v-o.org\\\/index.php\\\/competitions-de-bloc-2024-2025\\\/#primaryimage\"},\"image\":{\"@id\":\"https:\\\/\\\/e-v-o.org\\\/index.php\\\/competitions-de-bloc-2024-2025\\\/#primaryimage\"},\"thumbnailUrl\":\"https:\\\/\\\/e-v-o.org\\\/wp-content\\\/plugins\\\/elementor\\\/assets\\\/images\\\/placeholder.png\",\"datePublished\":\"2025-01-14T10:47:46+00:00\",\"dateModified\":\"2025-01-14T10:55:29+00:00\",\"breadcrumb\":{\"@id\":\"https:\\\/\\\/e-v-o.org\\\/index.php\\\/competitions-de-bloc-2024-2025\\\/#breadcrumb\"},\"inLanguage\":\"fr-FR\",\"potentialAction\":[{\"@type\":\"ReadAction\",\"target\":[\"https:\\\/\\\/e-v-o.org\\\/index.php\\\/competitions-de-bloc-2024-2025\\\/\"]}]},{\"@type\":\"ImageObject\",\"inLanguage\":\"fr-FR\",\"@id\":\"https:\\\/\\\/e-v-o.org\\\/index.php\\\/competitions-de-bloc-2024-2025\\\/#primaryimage\",\"url\":\"https:\\\/\\\/e-v-o.org\\\/wp-content\\\/plugins\\\/elementor\\\/assets\\\/images\\\/placeholder.png\",\"contentUrl\":\"https:\\\/\\\/e-v-o.org\\\/wp-content\\\/plugins\\\/elementor\\\/assets\\\/images\\\/placeholder.png\"},{\"@type\":\"BreadcrumbList\",\"@id\":\"https:\\\/\\\/e-v-o.org\\\/index.php\\\/competitions-de-bloc-2024-2025\\\/#breadcrumb\",\"itemListElement\":[{\"@type\":\"ListItem\",\"position\":1,\"name\":\"Accueil\",\"item\":\"https:\\\/\\\/e-v-o.org\\\/\"},{\"@type\":\"ListItem\",\"position\":2,\"name\":\"Comp\u00e9titions de bloc 2024 2025\"}]},{\"@type\":\"WebSite\",\"@id\":\"https:\\\/\\\/e-v-o.org\\\/#website\",\"url\":\"https:\\\/\\\/e-v-o.org\\\/\",\"name\":\"EVO - Club d'escalade Orl\u00e9ans\",\"description\":\"\u201cFaire les choses s\u00e9rieusement sans se prendre au s\u00e9rieux\u201d\",\"publisher\":{\"@id\":\"https:\\\/\\\/e-v-o.org\\\/#organization\"},\"potentialAction\":[{\"@type\":\"SearchAction\",\"target\":{\"@type\":\"EntryPoint\",\"urlTemplate\":\"https:\\\/\\\/e-v-o.org\\\/?s={search_term_string}\"},\"query-input\":{\"@type\":\"PropertyValueSpecification\",\"valueRequired\":true,\"valueName\":\"search_term_string\"}}],\"inLanguage\":\"fr-FR\"},{\"@type\":\"Organization\",\"@id\":\"https:\\\/\\\/e-v-o.org\\\/#organization\",\"name\":\"Equilibre Vertical Orl\u00e9ans\",\"url\":\"https:\\\/\\\/e-v-o.org\\\/\",\"logo\":{\"@type\":\"ImageObject\",\"inLanguage\":\"fr-FR\",\"@id\":\"https:\\\/\\\/e-v-o.org\\\/#\\\/schema\\\/logo\\\/image\\\/\",\"url\":\"https:\\\/\\\/i0.wp.com\\\/e-v-o.org\\\/wp-content\\\/uploads\\\/2019\\\/09\\\/Logo-EVO-2019-Officiel-2.png?fit=2277%2C1326&ssl=1\",\"contentUrl\":\"https:\\\/\\\/i0.wp.com\\\/e-v-o.org\\\/wp-content\\\/uploads\\\/2019\\\/09\\\/Logo-EVO-2019-Officiel-2.png?fit=2277%2C1326&ssl=1\",\"width\":2277,\"height\":1326,\"caption\":\"Equilibre Vertical Orl\u00e9ans\"},\"image\":{\"@id\":\"https:\\\/\\\/e-v-o.org\\\/#\\\/schema\\\/logo\\\/image\\\/\"},\"sameAs\":[\"https:\\\/\\\/www.facebook.com\\\/EquilibreVerticalOrleans\\\/\",\"https:\\\/\\\/www.instagram.com\\\/equilibreverticalorleans\\\/?hl=fr\"]}]}<\/script>\n<!-- \/ Yoast SEO plugin. -->","yoast_head_json":{"title":"Comp\u00e9titions de bloc 2024 2025 - EVO - Club d&#039;Escalade","robots":{"index":"index","follow":"follow","max-snippet":"max-snippet:-1","max-image-preview":"max-image-preview:large","max-video-preview":"max-video-preview:-1"},"canonical":"https:\/\/e-v-o.org\/index.php\/competitions-de-bloc-2024-2025\/","og_locale":"fr_FR","og_type":"article","og_title":"Comp\u00e9titions de bloc 2024 2025 - EVO - Club d&#039;Escalade","og_description":"Championnat d\u00e9partemental \u00e0 Chartres","og_url":"https:\/\/e-v-o.org\/index.php\/competitions-de-bloc-2024-2025\/","og_site_name":"EVO - Club d&#039;Escalade","article_publisher":"https:\/\/www.facebook.com\/EquilibreVerticalOrleans\/","article_modified_time":"2025-01-14T10:55:29+00:00","og_image":[{"url":"https:\/\/e-v-o.org\/wp-content\/plugins\/elementor\/assets\/images\/placeholder.png","type":"","width":"","height":""}],"twitter_card":"summary_large_image","twitter_misc":{"Dur\u00e9e de lecture estim\u00e9e":"2 minutes"},"schema":{"@context":"https:\/\/schema.org","@graph":[{"@type":"WebPage","@id":"https:\/\/e-v-o.org\/index.php\/competitions-de-bloc-2024-2025\/","url":"https:\/\/e-v-o.org\/index.php\/competitions-de-bloc-2024-2025\/","name":"Comp\u00e9titions de bloc 2024 2025 - EVO - Club d&#039;Escalade","isPartOf":{"@id":"https:\/\/e-v-o.org\/#website"},"primaryImageOfPage":{"@id":"https:\/\/e-v-o.org\/index.php\/competitions-de-bloc-2024-2025\/#primaryimage"},"image":{"@id":"https:\/\/e-v-o.org\/index.php\/competitions-de-bloc-2024-2025\/#primaryimage"},"thumbnailUrl":"https:\/\/e-v-o.org\/wp-content\/plugins\/elementor\/assets\/images\/placeholder.png","datePublished":"2025-01-14T10:47:46+00:00","dateModified":"2025-01-14T10:55:29+00:00","breadcrumb":{"@id":"https:\/\/e-v-o.org\/index.php\/competitions-de-bloc-2024-2025\/#breadcrumb"},"inLanguage":"fr-FR","potentialAction":[{"@type":"ReadAction","target":["https:\/\/e-v-o.org\/index.php\/competitions-de-bloc-2024-2025\/"]}]},{"@type":"ImageObject","inLanguage":"fr-FR","@id":"https:\/\/e-v-o.org\/index.php\/competitions-de-bloc-2024-2025\/#primaryimage","url":"https:\/\/e-v-o.org\/wp-content\/plugins\/elementor\/assets\/images\/placeholder.png","contentUrl":"https:\/\/e-v-o.org\/wp-content\/plugins\/elementor\/assets\/images\/placeholder.png"},{"@type":"BreadcrumbList","@id":"https:\/\/e-v-o.org\/index.php\/competitions-de-bloc-2024-2025\/#breadcrumb","itemListElement":[{"@type":"ListItem","position":1,"name":"Accueil","item":"https:\/\/e-v-o.org\/"},{"@type":"ListItem","position":2,"name":"Comp\u00e9titions de bloc 2024 2025"}]},{"@type":"WebSite","@id":"https:\/\/e-v-o.org\/#website","url":"https:\/\/e-v-o.org\/","name":"EVO - Club d'escalade Orl\u00e9ans","description":"\u201cFaire les choses s\u00e9rieusement sans se prendre au s\u00e9rieux\u201d","publisher":{"@id":"https:\/\/e-v-o.org\/#organization"},"potentialAction":[{"@type":"SearchAction","target":{"@type":"EntryPoint","urlTemplate":"https:\/\/e-v-o.org\/?s={search_term_string}"},"query-input":{"@type":"PropertyValueSpecification","valueRequired":true,"valueName":"search_term_string"}}],"inLanguage":"fr-FR"},{"@type":"Organization","@id":"https:\/\/e-v-o.org\/#organization","name":"Equilibre Vertical Orl\u00e9ans","url":"https:\/\/e-v-o.org\/","logo":{"@type":"ImageObject","inLanguage":"fr-FR","@id":"https:\/\/e-v-o.org\/#\/schema\/logo\/image\/","url":"https:\/\/i0.wp.com\/e-v-o.org\/wp-content\/uploads\/2019\/09\/Logo-EVO-2019-Officiel-2.png?fit=2277%2C1326&ssl=1","contentUrl":"https:\/\/i0.wp.com\/e-v-o.org\/wp-content\/uploads\/2019\/09\/Logo-EVO-2019-Officiel-2.png?fit=2277%2C1326&ssl=1","width":2277,"height":1326,"caption":"Equilibre Vertical Orl\u00e9ans"},"image":{"@id":"https:\/\/e-v-o.org\/#\/schema\/logo\/image\/"},"sameAs":["https:\/\/www.facebook.com\/EquilibreVerticalOrleans\/","https:\/\/www.instagram.com\/equilibreverticalorleans\/?hl=fr"]}]}},"jetpack_sharing_enabled":true,"jetpack-related-posts":[{"id":1089,"url":"https:\/\/e-v-o.org\/","url_meta":{"origin":3838,"position":0},"title":"Accueil","author":"EVO","date":"31\/08\/2021","format":false,"excerpt":"Equilibre Vertical Orl\u00e9ans c'est... Plus de 180 grimpeurs \u00e9voluant dans une ambiance conviviale !Une vingtaine d'encadrants dipl\u00f4m\u00e9s pour proposer des s\u00e9ances d'entrainements, organiser des sorties en falaises, vous accompagner en comp\u00e9titions, et animer l'ann\u00e9e avec diff\u00e9rents \u00e9v\u00e8nements11 cr\u00e9neaux diff\u00e9rents sur la semaine, adapt\u00e9s \u00e0 tous les niveaux et tous les\u2026","rel":"","context":"Article similaire","block_context":{"text":"Article similaire","link":""},"img":{"alt_text":"WhatsApp Image 2023-09-10 \u00e0 19.14.59","src":"https:\/\/i0.wp.com\/e-v-o.org\/wp-content\/uploads\/2023\/09\/WhatsApp-Image-2023-09-10-a-19.14.59-200x300.jpg?resize=350%2C200&ssl=1","width":350,"height":200},"classes":[]},{"id":2919,"url":"https:\/\/e-v-o.org\/index.php\/competition-regionale-de-difficulte-gien-2024\/","url_meta":{"origin":3838,"position":1},"title":"Comp\u00e9tition d\u00e9partementale de difficult\u00e9 Gien 2024","author":"EVO","date":"06\/05\/2024","format":false,"excerpt":"Cette ann\u00e9e, environ 70 grimpeurs du club se sont retrouv\u00e9s \u00e0 Gien pour cette comp\u00e9tition sous forme de contest.\u00a0L\u2019essentiel \u00e9tant de d\u00e9couvrir, tester, partager, encourager, soutenir, et faire vivre l\u2019escalade au local, c\u2019\u00e9tait une premi\u00e8re dans le monde de la comp\u00e9tition pour beaucoup d\u2019entre nous.Les podiums sont l\u00e0, mais l\u2019important\u2026","rel":"","context":"Article similaire","block_context":{"text":"Article similaire","link":""},"img":{"alt_text":"","src":"https:\/\/i0.wp.com\/e-v-o.org\/wp-content\/uploads\/2024\/05\/DSC_7265-150x150.jpg?resize=350%2C200&ssl=1","width":350,"height":200},"classes":[]},{"id":1281,"url":"https:\/\/e-v-o.org\/index.php\/organigramme\/","url_meta":{"origin":3838,"position":2},"title":"Le club","author":"EVO","date":"01\/09\/2022","format":false,"excerpt":"Cr\u00e9\u00e9 en 2018 par Chris, Loulou et Tam, EVO est devenu un incontournable sur le plan r\u00e9gional.\u00a0EVO c'est : 200 licenci\u00e9s, 3 salles pour pratiquer en difficult\u00e9 et en bloc, 19 encadrants, des sorties en falaises, des participations en comp\u00e9titions du niveau d\u00e9partemental au national, des cr\u00e9neaux adapt\u00e9s \u00e0 tout\u2026","rel":"","context":"Article similaire","block_context":{"text":"Article similaire","link":""},"img":{"alt_text":"","src":"https:\/\/i0.wp.com\/e-v-o.org\/wp-content\/uploads\/2022\/11\/00d8f8ad-66eb-44a8-b0bf-b8d2b17c4b41-766x1024.jpg?resize=350%2C200","width":350,"height":200,"srcset":"https:\/\/i0.wp.com\/e-v-o.org\/wp-content\/uploads\/2022\/11\/00d8f8ad-66eb-44a8-b0bf-b8d2b17c4b41-766x1024.jpg?resize=350%2C200 1x, https:\/\/i0.wp.com\/e-v-o.org\/wp-content\/uploads\/2022\/11\/00d8f8ad-66eb-44a8-b0bf-b8d2b17c4b41-766x1024.jpg?resize=525%2C300 1.5x, https:\/\/i0.wp.com\/e-v-o.org\/wp-content\/uploads\/2022\/11\/00d8f8ad-66eb-44a8-b0bf-b8d2b17c4b41-766x1024.jpg?resize=700%2C400 2x"},"classes":[]},{"id":700,"url":"https:\/\/e-v-o.org\/index.php\/inscription\/","url_meta":{"origin":3838,"position":3},"title":"Inscription","author":"EVO","date":"06\/10\/2020","format":false,"excerpt":"Licenci\u00e9s 0 Attention ! Tout les groupes sont complets pour l\u2019ann\u00e9e 2024\/2025 Evo n'accepte plus de nouveaux menbres jusqu'\u00e0 l'ouverture des inscriptions pour l'ann\u00e9e 2025 \/2026 Inscription Pour les inscriptions de la saison 2025\/2026, envoyez-nous un mail \u00e0 partir du 1er juillet 2025 sur equilibreverticalorleans@gmail.com . Toutes les demandes seront\u2026","rel":"","context":"Article similaire","block_context":{"text":"Article similaire","link":""},"img":{"alt_text":"","src":"","width":0,"height":0},"classes":[]},{"id":3027,"url":"https:\/\/e-v-o.org\/index.php\/les-championnats-regionaux\/","url_meta":{"origin":3838,"position":4},"title":"Les championnats r\u00e9gionaux","author":"EVO","date":"06\/05\/2024","format":false,"excerpt":"Les r\u00e9gionaux de diff U16 U18 U20 s\u00e9niors et v\u00e9t\u00e9rans Cette ann\u00e9e, les r\u00e9gionaux de difficult\u00e9 ont eu lieu \u00e0 Argenton sur Creuse. Une jolie petite ville, dans laquelle plus de 230 grimpeurs se sont r\u00e9unis. Une vingtaine de comp\u00e9titeurs arrivait d'Orl\u00e9ans, accompagn\u00e9s, des coachs et des juges.Cette comp\u00e9tition permettant\u2026","rel":"","context":"Article similaire","block_context":{"text":"Article similaire","link":""},"img":{"alt_text":"","src":"https:\/\/i0.wp.com\/e-v-o.org\/wp-content\/uploads\/2024\/05\/1714806979476.jpg?resize=350%2C200&ssl=1","width":350,"height":200,"srcset":"https:\/\/i0.wp.com\/e-v-o.org\/wp-content\/uploads\/2024\/05\/1714806979476.jpg?resize=350%2C200&ssl=1 1x, https:\/\/i0.wp.com\/e-v-o.org\/wp-content\/uploads\/2024\/05\/1714806979476.jpg?resize=525%2C300&ssl=1 1.5x, https:\/\/i0.wp.com\/e-v-o.org\/wp-content\/uploads\/2024\/05\/1714806979476.jpg?resize=700%2C400&ssl=1 2x, https:\/\/i0.wp.com\/e-v-o.org\/wp-content\/uploads\/2024\/05\/1714806979476.jpg?resize=1050%2C600&ssl=1 3x"},"classes":[]},{"id":1937,"url":"https:\/\/e-v-o.org\/index.php\/competition-departemental-gien\/","url_meta":{"origin":3838,"position":5},"title":"Comp\u00e9tition d\u00e9partemental Gien 2023","author":"EVO","date":"13\/03\/2023","format":false,"excerpt":"Nous \u00e9tions plus de 65 comp\u00e9titeurs au pied des voies, et une quinzaine d'accompagnateurs pour participer \u00e0 cette comp\u00e9tition organis\u00e9e sous le format d'un Contest Pr\u00e9c\u00e9dent Suivant","rel":"","context":"Article similaire","block_context":{"text":"Article similaire","link":""},"img":{"alt_text":"32e924ea-9690-43eb-bdff-54e64c2ec5f4","src":"https:\/\/i0.wp.com\/e-v-o.org\/wp-content\/uploads\/2023\/03\/32e924ea-9690-43eb-bdff-54e64c2ec5f4-1024x768.jpg?resize=350%2C200","width":350,"height":200,"srcset":"https:\/\/i0.wp.com\/e-v-o.org\/wp-content\/uploads\/2023\/03\/32e924ea-9690-43eb-bdff-54e64c2ec5f4-1024x768.jpg?resize=350%2C200 1x, https:\/\/i0.wp.com\/e-v-o.org\/wp-content\/uploads\/2023\/03\/32e924ea-9690-43eb-bdff-54e64c2ec5f4-1024x768.jpg?resize=525%2C300 1.5x, https:\/\/i0.wp.com\/e-v-o.org\/wp-content\/uploads\/2023\/03\/32e924ea-9690-43eb-bdff-54e64c2ec5f4-1024x768.jpg?resize=700%2C400 2x"},"classes":[]}],"_links":{"self":[{"href":"https:\/\/e-v-o.org\/index.php\/wp-json\/wp\/v2\/pages\/3838","targetHints":{"allow":["GET"]}}],"collection":[{"href":"https:\/\/e-v-o.org\/index.php\/wp-json\/wp\/v2\/pages"}],"about":[{"href":"https:\/\/e-v-o.org\/index.php\/wp-json\/wp\/v2\/types\/page"}],"author":[{"embeddable":true,"href":"https:\/\/e-v-o.org\/index.php\/wp-json\/wp\/v2\/users\/1"}],"replies":[{"embeddable":true,"href":"https:\/\/e-v-o.org\/index.php\/wp-json\/wp\/v2\/comments?post=3838"}],"version-history":[{"count":10,"href":"https:\/\/e-v-o.org\/index.php\/wp-json\/wp\/v2\/pages\/3838\/revisions"}],"predecessor-version":[{"id":3887,"href":"https:\/\/e-v-o.org\/index.php\/wp-json\/wp\/v2\/pages\/3838\/revisions\/3887"}],"wp:attachment":[{"href":"https:\/\/e-v-o.org\/index.php\/wp-json\/wp\/v2\/media?parent=3838"}],"curies":[{"name":"wp","href":"https:\/\/api.w.org\/{rel}","templated":true}]}}