{"id":656,"date":"2020-10-06T09:37:48","date_gmt":"2020-10-06T07:37:48","guid":{"rendered":"http:\/\/e-v-o.org\/?page_id=656"},"modified":"2020-10-06T09:42:11","modified_gmt":"2020-10-06T07:42:11","slug":"contest-ta-loire-2020","status":"publish","type":"page","link":"https:\/\/e-v-o.org\/index.php\/contest-ta-loire-2020\/","title":{"rendered":"Contest ta Loire 2020"},"content":{"rendered":"ngg_shortcode_0_placeholder\n","protected":false},"excerpt":{"rendered":"","protected":false},"author":1,"featured_media":0,"parent":0,"menu_order":0,"comment_status":"closed","ping_status":"closed","template":"","meta":{"ngg_post_thumbnail":0,"jetpack_post_was_ever_published":false,"footnotes":""},"class_list":["post-656","page","type-page","status-publish","hentry"],"yoast_head":"<!-- This site is optimized with the Yoast SEO plugin v27.5 - https:\/\/yoast.com\/product\/yoast-seo-wordpress\/ -->\n<title>Contest ta Loire 2020 - EVO - Club d&#039;Escalade<\/title>\n<meta name=\"robots\" content=\"index, follow, max-snippet:-1, max-image-preview:large, max-video-preview:-1\" \/>\n<link rel=\"canonical\" href=\"https:\/\/e-v-o.org\/index.php\/contest-ta-loire-2020\/\" \/>\n<meta property=\"og:locale\" content=\"fr_FR\" \/>\n<meta property=\"og:type\" content=\"article\" \/>\n<meta property=\"og:title\" content=\"Contest ta Loire 2020 - EVO - Club d&#039;Escalade\" \/>\n<meta property=\"og:url\" content=\"https:\/\/e-v-o.org\/index.php\/contest-ta-loire-2020\/\" \/>\n<meta property=\"og:site_name\" content=\"EVO - Club d&#039;Escalade\" \/>\n<meta property=\"article:publisher\" content=\"https:\/\/www.facebook.com\/EquilibreVerticalOrleans\/\" \/>\n<meta property=\"article:modified_time\" content=\"2020-10-06T07:42:11+00:00\" \/>\n<meta name=\"twitter:card\" content=\"summary_large_image\" \/>\n<script type=\"application\/ld+json\" class=\"yoast-schema-graph\">{\"@context\":\"https:\\\/\\\/schema.org\",\"@graph\":[{\"@type\":\"WebPage\",\"@id\":\"https:\\\/\\\/e-v-o.org\\\/index.php\\\/contest-ta-loire-2020\\\/\",\"url\":\"https:\\\/\\\/e-v-o.org\\\/index.php\\\/contest-ta-loire-2020\\\/\",\"name\":\"Contest ta Loire 2020 - EVO - Club d&#039;Escalade\",\"isPartOf\":{\"@id\":\"https:\\\/\\\/e-v-o.org\\\/#website\"},\"datePublished\":\"2020-10-06T07:37:48+00:00\",\"dateModified\":\"2020-10-06T07:42:11+00:00\",\"breadcrumb\":{\"@id\":\"https:\\\/\\\/e-v-o.org\\\/index.php\\\/contest-ta-loire-2020\\\/#breadcrumb\"},\"inLanguage\":\"fr-FR\",\"potentialAction\":[{\"@type\":\"ReadAction\",\"target\":[\"https:\\\/\\\/e-v-o.org\\\/index.php\\\/contest-ta-loire-2020\\\/\"]}]},{\"@type\":\"BreadcrumbList\",\"@id\":\"https:\\\/\\\/e-v-o.org\\\/index.php\\\/contest-ta-loire-2020\\\/#breadcrumb\",\"itemListElement\":[{\"@type\":\"ListItem\",\"position\":1,\"name\":\"Accueil\",\"item\":\"https:\\\/\\\/e-v-o.org\\\/\"},{\"@type\":\"ListItem\",\"position\":2,\"name\":\"Contest ta Loire 2020\"}]},{\"@type\":\"WebSite\",\"@id\":\"https:\\\/\\\/e-v-o.org\\\/#website\",\"url\":\"https:\\\/\\\/e-v-o.org\\\/\",\"name\":\"EVO - Club d'escalade Orl\u00e9ans\",\"description\":\"\u201cFaire les choses s\u00e9rieusement sans se prendre au s\u00e9rieux\u201d\",\"publisher\":{\"@id\":\"https:\\\/\\\/e-v-o.org\\\/#organization\"},\"potentialAction\":[{\"@type\":\"SearchAction\",\"target\":{\"@type\":\"EntryPoint\",\"urlTemplate\":\"https:\\\/\\\/e-v-o.org\\\/?s={search_term_string}\"},\"query-input\":{\"@type\":\"PropertyValueSpecification\",\"valueRequired\":true,\"valueName\":\"search_term_string\"}}],\"inLanguage\":\"fr-FR\"},{\"@type\":\"Organization\",\"@id\":\"https:\\\/\\\/e-v-o.org\\\/#organization\",\"name\":\"Equilibre Vertical Orl\u00e9ans\",\"url\":\"https:\\\/\\\/e-v-o.org\\\/\",\"logo\":{\"@type\":\"ImageObject\",\"inLanguage\":\"fr-FR\",\"@id\":\"https:\\\/\\\/e-v-o.org\\\/#\\\/schema\\\/logo\\\/image\\\/\",\"url\":\"https:\\\/\\\/i0.wp.com\\\/e-v-o.org\\\/wp-content\\\/uploads\\\/2019\\\/09\\\/Logo-EVO-2019-Officiel-2.png?fit=2277%2C1326&ssl=1\",\"contentUrl\":\"https:\\\/\\\/i0.wp.com\\\/e-v-o.org\\\/wp-content\\\/uploads\\\/2019\\\/09\\\/Logo-EVO-2019-Officiel-2.png?fit=2277%2C1326&ssl=1\",\"width\":2277,\"height\":1326,\"caption\":\"Equilibre Vertical Orl\u00e9ans\"},\"image\":{\"@id\":\"https:\\\/\\\/e-v-o.org\\\/#\\\/schema\\\/logo\\\/image\\\/\"},\"sameAs\":[\"https:\\\/\\\/www.facebook.com\\\/EquilibreVerticalOrleans\\\/\",\"https:\\\/\\\/www.instagram.com\\\/equilibreverticalorleans\\\/?hl=fr\"]}]}<\/script>\n<!-- \/ Yoast SEO plugin. -->","yoast_head_json":{"title":"Contest ta Loire 2020 - EVO - Club d&#039;Escalade","robots":{"index":"index","follow":"follow","max-snippet":"max-snippet:-1","max-image-preview":"max-image-preview:large","max-video-preview":"max-video-preview:-1"},"canonical":"https:\/\/e-v-o.org\/index.php\/contest-ta-loire-2020\/","og_locale":"fr_FR","og_type":"article","og_title":"Contest ta Loire 2020 - EVO - Club d&#039;Escalade","og_url":"https:\/\/e-v-o.org\/index.php\/contest-ta-loire-2020\/","og_site_name":"EVO - Club d&#039;Escalade","article_publisher":"https:\/\/www.facebook.com\/EquilibreVerticalOrleans\/","article_modified_time":"2020-10-06T07:42:11+00:00","twitter_card":"summary_large_image","schema":{"@context":"https:\/\/schema.org","@graph":[{"@type":"WebPage","@id":"https:\/\/e-v-o.org\/index.php\/contest-ta-loire-2020\/","url":"https:\/\/e-v-o.org\/index.php\/contest-ta-loire-2020\/","name":"Contest ta Loire 2020 - EVO - Club d&#039;Escalade","isPartOf":{"@id":"https:\/\/e-v-o.org\/#website"},"datePublished":"2020-10-06T07:37:48+00:00","dateModified":"2020-10-06T07:42:11+00:00","breadcrumb":{"@id":"https:\/\/e-v-o.org\/index.php\/contest-ta-loire-2020\/#breadcrumb"},"inLanguage":"fr-FR","potentialAction":[{"@type":"ReadAction","target":["https:\/\/e-v-o.org\/index.php\/contest-ta-loire-2020\/"]}]},{"@type":"BreadcrumbList","@id":"https:\/\/e-v-o.org\/index.php\/contest-ta-loire-2020\/#breadcrumb","itemListElement":[{"@type":"ListItem","position":1,"name":"Accueil","item":"https:\/\/e-v-o.org\/"},{"@type":"ListItem","position":2,"name":"Contest ta Loire 2020"}]},{"@type":"WebSite","@id":"https:\/\/e-v-o.org\/#website","url":"https:\/\/e-v-o.org\/","name":"EVO - Club d'escalade Orl\u00e9ans","description":"\u201cFaire les choses s\u00e9rieusement sans se prendre au s\u00e9rieux\u201d","publisher":{"@id":"https:\/\/e-v-o.org\/#organization"},"potentialAction":[{"@type":"SearchAction","target":{"@type":"EntryPoint","urlTemplate":"https:\/\/e-v-o.org\/?s={search_term_string}"},"query-input":{"@type":"PropertyValueSpecification","valueRequired":true,"valueName":"search_term_string"}}],"inLanguage":"fr-FR"},{"@type":"Organization","@id":"https:\/\/e-v-o.org\/#organization","name":"Equilibre Vertical Orl\u00e9ans","url":"https:\/\/e-v-o.org\/","logo":{"@type":"ImageObject","inLanguage":"fr-FR","@id":"https:\/\/e-v-o.org\/#\/schema\/logo\/image\/","url":"https:\/\/i0.wp.com\/e-v-o.org\/wp-content\/uploads\/2019\/09\/Logo-EVO-2019-Officiel-2.png?fit=2277%2C1326&ssl=1","contentUrl":"https:\/\/i0.wp.com\/e-v-o.org\/wp-content\/uploads\/2019\/09\/Logo-EVO-2019-Officiel-2.png?fit=2277%2C1326&ssl=1","width":2277,"height":1326,"caption":"Equilibre Vertical Orl\u00e9ans"},"image":{"@id":"https:\/\/e-v-o.org\/#\/schema\/logo\/image\/"},"sameAs":["https:\/\/www.facebook.com\/EquilibreVerticalOrleans\/","https:\/\/www.instagram.com\/equilibreverticalorleans\/?hl=fr"]}]}},"jetpack_sharing_enabled":true,"jetpack-related-posts":[{"id":1865,"url":"https:\/\/e-v-o.org\/index.php\/contest-ta-loire-2023\/","url_meta":{"origin":656,"position":0},"title":"Contest Ta Loire 2023","author":"EVO","date":"10\/01\/2023","format":false,"excerpt":"Contest Ta Loire, c'\u00e9tait des clubs de toute la r\u00e9gion, 149 grimpeurs en bin\u00f4me, et l'ensemble des b\u00e9n\u00e9fices revers\u00e9 \u00e0 l'association Les Boucles en Or\u00a0 Pr\u00e9c\u00e9dent Suivant","rel":"","context":"Article similaire","block_context":{"text":"Article similaire","link":""},"img":{"alt_text":"","src":"https:\/\/i0.wp.com\/e-v-o.org\/wp-content\/uploads\/2023\/01\/2023-01-Contest-Ta-Loire-45-1024x683.jpg?resize=350%2C200","width":350,"height":200,"srcset":"https:\/\/i0.wp.com\/e-v-o.org\/wp-content\/uploads\/2023\/01\/2023-01-Contest-Ta-Loire-45-1024x683.jpg?resize=350%2C200 1x, https:\/\/i0.wp.com\/e-v-o.org\/wp-content\/uploads\/2023\/01\/2023-01-Contest-Ta-Loire-45-1024x683.jpg?resize=525%2C300 1.5x, https:\/\/i0.wp.com\/e-v-o.org\/wp-content\/uploads\/2023\/01\/2023-01-Contest-Ta-Loire-45-1024x683.jpg?resize=700%2C400 2x"},"classes":[]},{"id":1372,"url":"https:\/\/e-v-o.org\/index.php\/competitions\/","url_meta":{"origin":656,"position":1},"title":"Comp\u00e9titions 2022","author":"EVO","date":"14\/10\/2022","format":false,"excerpt":"Championnat de France Championnat R\u00e9gional Centre Val de Loire Contest Gien","rel":"","context":"Article similaire","block_context":{"text":"Article similaire","link":""},"img":{"alt_text":"","src":"https:\/\/i0.wp.com\/e-v-o.org\/wp-content\/uploads\/2022\/10\/69aabba8-3785-4b41-9579-f061cfcb1bd0.jpeg?resize=350%2C200","width":350,"height":200,"srcset":"https:\/\/i0.wp.com\/e-v-o.org\/wp-content\/uploads\/2022\/10\/69aabba8-3785-4b41-9579-f061cfcb1bd0.jpeg?resize=350%2C200 1x, https:\/\/i0.wp.com\/e-v-o.org\/wp-content\/uploads\/2022\/10\/69aabba8-3785-4b41-9579-f061cfcb1bd0.jpeg?resize=525%2C300 1.5x, https:\/\/i0.wp.com\/e-v-o.org\/wp-content\/uploads\/2022\/10\/69aabba8-3785-4b41-9579-f061cfcb1bd0.jpeg?resize=700%2C400 2x, https:\/\/i0.wp.com\/e-v-o.org\/wp-content\/uploads\/2022\/10\/69aabba8-3785-4b41-9579-f061cfcb1bd0.jpeg?resize=1050%2C600 3x, https:\/\/i0.wp.com\/e-v-o.org\/wp-content\/uploads\/2022\/10\/69aabba8-3785-4b41-9579-f061cfcb1bd0.jpeg?resize=1400%2C800 4x"},"classes":[]},{"id":1833,"url":"https:\/\/e-v-o.org\/index.php\/la-voie-de-la-presse\/","url_meta":{"origin":656,"position":2},"title":"La voie de la Presse\u200b","author":"EVO","date":"06\/01\/2023","format":false,"excerpt":"Championnat r\u00e9gional de difficult\u00e9 - Orl\u00e9ans - 6 mai 2023 L'article en ligne Contest Ta Loire 8 janvier 2023 L'article en ligne Escal'Recrute avec P\u00f4le emploi Saint Jean de Braye 21 octobre 2022 L'article en ligne","rel":"","context":"Article similaire","block_context":{"text":"Article similaire","link":""},"img":{"alt_text":"","src":"https:\/\/i0.wp.com\/e-v-o.org\/wp-content\/uploads\/2023\/05\/Capture.jpg?resize=350%2C200","width":350,"height":200,"srcset":"https:\/\/i0.wp.com\/e-v-o.org\/wp-content\/uploads\/2023\/05\/Capture.jpg?resize=350%2C200 1x, https:\/\/i0.wp.com\/e-v-o.org\/wp-content\/uploads\/2023\/05\/Capture.jpg?resize=525%2C300 1.5x, https:\/\/i0.wp.com\/e-v-o.org\/wp-content\/uploads\/2023\/05\/Capture.jpg?resize=700%2C400 2x"},"classes":[]},{"id":2919,"url":"https:\/\/e-v-o.org\/index.php\/competition-regionale-de-difficulte-gien-2024\/","url_meta":{"origin":656,"position":3},"title":"Comp\u00e9tition d\u00e9partementale de difficult\u00e9 Gien 2024","author":"EVO","date":"06\/05\/2024","format":false,"excerpt":"Cette ann\u00e9e, environ 70 grimpeurs du club se sont retrouv\u00e9s \u00e0 Gien pour cette comp\u00e9tition sous forme de contest.\u00a0L\u2019essentiel \u00e9tant de d\u00e9couvrir, tester, partager, encourager, soutenir, et faire vivre l\u2019escalade au local, c\u2019\u00e9tait une premi\u00e8re dans le monde de la comp\u00e9tition pour beaucoup d\u2019entre nous.Les podiums sont l\u00e0, mais l\u2019important\u2026","rel":"","context":"Article similaire","block_context":{"text":"Article similaire","link":""},"img":{"alt_text":"","src":"https:\/\/i0.wp.com\/e-v-o.org\/wp-content\/uploads\/2024\/05\/DSC_7265-150x150.jpg?resize=350%2C200&ssl=1","width":350,"height":200},"classes":[]},{"id":1937,"url":"https:\/\/e-v-o.org\/index.php\/competition-departemental-gien\/","url_meta":{"origin":656,"position":4},"title":"Comp\u00e9tition d\u00e9partemental Gien 2023","author":"EVO","date":"13\/03\/2023","format":false,"excerpt":"Nous \u00e9tions plus de 65 comp\u00e9titeurs au pied des voies, et une quinzaine d'accompagnateurs pour participer \u00e0 cette comp\u00e9tition organis\u00e9e sous le format d'un Contest Pr\u00e9c\u00e9dent Suivant","rel":"","context":"Article similaire","block_context":{"text":"Article similaire","link":""},"img":{"alt_text":"32e924ea-9690-43eb-bdff-54e64c2ec5f4","src":"https:\/\/i0.wp.com\/e-v-o.org\/wp-content\/uploads\/2023\/03\/32e924ea-9690-43eb-bdff-54e64c2ec5f4-1024x768.jpg?resize=350%2C200","width":350,"height":200,"srcset":"https:\/\/i0.wp.com\/e-v-o.org\/wp-content\/uploads\/2023\/03\/32e924ea-9690-43eb-bdff-54e64c2ec5f4-1024x768.jpg?resize=350%2C200 1x, https:\/\/i0.wp.com\/e-v-o.org\/wp-content\/uploads\/2023\/03\/32e924ea-9690-43eb-bdff-54e64c2ec5f4-1024x768.jpg?resize=525%2C300 1.5x, https:\/\/i0.wp.com\/e-v-o.org\/wp-content\/uploads\/2023\/03\/32e924ea-9690-43eb-bdff-54e64c2ec5f4-1024x768.jpg?resize=700%2C400 2x"},"classes":[]},{"id":3027,"url":"https:\/\/e-v-o.org\/index.php\/les-championnats-regionaux\/","url_meta":{"origin":656,"position":5},"title":"Les championnats r\u00e9gionaux","author":"EVO","date":"06\/05\/2024","format":false,"excerpt":"Les r\u00e9gionaux de diff U16 U18 U20 s\u00e9niors et v\u00e9t\u00e9rans Cette ann\u00e9e, les r\u00e9gionaux de difficult\u00e9 ont eu lieu \u00e0 Argenton sur Creuse. Une jolie petite ville, dans laquelle plus de 230 grimpeurs se sont r\u00e9unis. Une vingtaine de comp\u00e9titeurs arrivait d'Orl\u00e9ans, accompagn\u00e9s, des coachs et des juges.Cette comp\u00e9tition permettant\u2026","rel":"","context":"Article similaire","block_context":{"text":"Article similaire","link":""},"img":{"alt_text":"","src":"https:\/\/i0.wp.com\/e-v-o.org\/wp-content\/uploads\/2024\/05\/1714806979476.jpg?resize=350%2C200&ssl=1","width":350,"height":200,"srcset":"https:\/\/i0.wp.com\/e-v-o.org\/wp-content\/uploads\/2024\/05\/1714806979476.jpg?resize=350%2C200&ssl=1 1x, https:\/\/i0.wp.com\/e-v-o.org\/wp-content\/uploads\/2024\/05\/1714806979476.jpg?resize=525%2C300&ssl=1 1.5x, https:\/\/i0.wp.com\/e-v-o.org\/wp-content\/uploads\/2024\/05\/1714806979476.jpg?resize=700%2C400&ssl=1 2x, https:\/\/i0.wp.com\/e-v-o.org\/wp-content\/uploads\/2024\/05\/1714806979476.jpg?resize=1050%2C600&ssl=1 3x"},"classes":[]}],"_links":{"self":[{"href":"https:\/\/e-v-o.org\/index.php\/wp-json\/wp\/v2\/pages\/656","targetHints":{"allow":["GET"]}}],"collection":[{"href":"https:\/\/e-v-o.org\/index.php\/wp-json\/wp\/v2\/pages"}],"about":[{"href":"https:\/\/e-v-o.org\/index.php\/wp-json\/wp\/v2\/types\/page"}],"author":[{"embeddable":true,"href":"https:\/\/e-v-o.org\/index.php\/wp-json\/wp\/v2\/users\/1"}],"replies":[{"embeddable":true,"href":"https:\/\/e-v-o.org\/index.php\/wp-json\/wp\/v2\/comments?post=656"}],"version-history":[{"count":1,"href":"https:\/\/e-v-o.org\/index.php\/wp-json\/wp\/v2\/pages\/656\/revisions"}],"predecessor-version":[{"id":675,"href":"https:\/\/e-v-o.org\/index.php\/wp-json\/wp\/v2\/pages\/656\/revisions\/675"}],"wp:attachment":[{"href":"https:\/\/e-v-o.org\/index.php\/wp-json\/wp\/v2\/media?parent=656"}],"curies":[{"name":"wp","href":"https:\/\/api.w.org\/{rel}","templated":true}]}}